{"id":9483,"date":"2025-09-22T15:32:25","date_gmt":"2025-09-22T15:32:25","guid":{"rendered":"https:\/\/ingenia-aragon.es\/clientes\/maestro\/?page_id=9483"},"modified":"2025-09-25T10:29:36","modified_gmt":"2025-09-25T10:29:36","slug":"canal-de-denuncias","status":"publish","type":"page","link":"https:\/\/ingenia-aragon.es\/clientes\/maestro\/canal-de-denuncias\/","title":{"rendered":"Canal de denuncias"},"content":{"rendered":"\n<p>En la actualidad, contar con un canal de denuncias efectivo se ha convertido en una pr\u00e1ctica esencial para empresas y entidades, ya que no solo cumple con las<br>normativas vigentes y de obligado cumplimiento para ciertos tipos de sujetos, sino que tambi\u00e9n fortalece la confianza interna, previene y detecta conductas<br>inapropiadas, protege la reputaci\u00f3n y los intereses de la empresa y contribuye a fomentar una cultura de transparencia y \u00e9tica empresarial.<br>Esta entidad, de conformidad con la Ley 2\/2023, de 20 de febrero, reguladora de la protecci\u00f3n de las personas que informen sobre infracciones normativas y de<br>lucha contra la corrupci\u00f3n, tiene implantado un Canal de Denuncias, que brinda a sus empleados, proveedores, as\u00ed como a cualquier sujeto guarde relaci\u00f3n, un<br>medio seguro y confidencial para reportar posibles conductas tales como:<\/p>\n\n\n\n<ol class=\"wp-block-list\">\n<li>Cualesquiera acciones u omisiones que puedan constituir infracciones del Derecho de la Uni\u00f3n Europea.<\/li>\n\n\n\n<li>Acciones u omisiones que puedan ser constitutivas de infracci\u00f3n penal o administrativa grave o muy grave.<br>En todo caso, se entender\u00e1n comprendidas todas aquellas infracciones penales o administrativas graves o muy graves que impliquen quebranto econ\u00f3mico para la Hacienda P\u00fablica y para la Seguridad Social. Los valores que rigen nuestro Canal de Denuncias son:<\/li>\n<\/ol>\n\n\n\n<ul class=\"wp-block-list\">\n<li>Confidencialidad<\/li>\n\n\n\n<li>Seguridad de la informaci\u00f3n<\/li>\n\n\n\n<li>Sistema de gesti\u00f3n adecuado<\/li>\n\n\n\n<li>Protecci\u00f3n al informante<\/li>\n\n\n\n<li>Transparencia en el proceso<\/li>\n\n\n\n<li>Potenciaci\u00f3n de Anonimato<\/li>\n\n\n\n<li>Comunicaci\u00f3n entre las partes del proceso<\/li>\n<\/ul>\n\n\n\n<div class=\"wp-block-buttons is-content-justification-center is-layout-flex wp-container-core-buttons-is-layout-a89b3969 wp-block-buttons-is-layout-flex\">\n<div class=\"wp-block-button\"><a class=\"wp-block-button__link wp-element-button\" href=\"https:\/\/tucanalegal.canaldedenuncia.org\/\" target=\"_blank\" rel=\"noreferrer noopener\">Acceso a nuestro canal de denuncias<\/a><\/div>\n<\/div>\n\n\n\n<p class=\"has-text-align-center has-black-color has-text-color has-link-color wp-elements-a61d745ace536114c2222d2acb2bb1fe\"><strong>*PARA PODER UTILIZAR Y ACCEDER A LA PLATAFORMA C\u00d3MO DENUNCIANTE AN\u00d3NIMO O NO AN\u00d3NIMO, RECUERDE INCLUIR EL NOMBRE DE NUESTRA ENTIDAD DE FORMA CORRECTA. PUEDE COPIAR Y PEGAR LA SIGUIENTE DENOMINACI\u00d3N. <br><\/strong><\/p>\n\n\n\n<p class=\"has-text-align-center has-vivid-red-color has-text-color has-link-color wp-elements-8df92102b999416c8fbddaf930dcc14b\"><strong>NOMBRE DE ENTIDAD: COLECTIVIDADES M. MAESTRO, S.L.<\/strong><\/p>\n\n\n\n<h3 class=\"wp-block-heading\">DOCUMENTACI\u00d3N<\/h3>\n\n\n\n<ol class=\"wp-block-list\">\n<li>C\u00f3digo \u00c9tico y de Buenas Pr\u00e1cticas<\/li>\n\n\n\n<li>Manual de Utilizaci\u00f3n del Canal de Denuncias (Obligatorio incluir)<\/li>\n\n\n\n<li>Pol\u00edticas de Principios en Materia de Informaci\u00f3n (Obligatorio incluir)<\/li>\n\n\n\n<li>Procedimiento de Gesti\u00f3n de las Informaciones (Obligatorio incluir)<\/li>\n\n\n\n<li>Estatuto del Denunciante (Obligatorio incluir)<\/li>\n<\/ol>\n\n\n\n<h3 class=\"wp-block-heading\">CANALES EXTERNOS DE INFORMACI\u00d3N<\/h3>\n\n\n\n<p><br>Adem\u00e1s del Canal Interno de que dispone esta entidad, existen otros canales a los que pueden acudir todos aquellos sujetos legitimados a presentar una<br>comunicaci\u00f3n a trav\u00e9s de nuestro de Canal de Denuncias.<\/p>\n\n\n\n<p><strong>a- Canales estatales<\/strong><\/p>\n\n\n\n<ul class=\"wp-block-list\">\n<li><a href=\"https:\/\/www.igae.pap.hacienda.gob.es\/sitios\/igae\/es-ES\/snca\/paginas\/comunicacionsnca.aspx\" target=\"_blank\" rel=\"noreferrer noopener\">Servicio Nacional de Coordinaci\u00f3n Antifraude<\/a><\/li>\n\n\n\n<li><a href=\"https:\/\/www.fiscal.es\/\" target=\"_blank\" rel=\"noreferrer noopener\">Fiscal\u00eda contra la Corrupci\u00f3n y la Criminalidad Organizada<\/a><\/li>\n\n\n\n<li><a href=\"https:\/\/www.policia.es\/_es\/denuncias.php\" target=\"_blank\" rel=\"noreferrer noopener\">Polic\u00eda Nacional<\/a><\/li>\n\n\n\n<li><a href=\"https:\/\/www.tcu.es\/tribunal-de-cuentas\/es\/\" target=\"_blank\" rel=\"noreferrer noopener\">Tribunal de Cuentas<\/a><\/li>\n\n\n\n<li><a href=\"https:\/\/www.defensordelpueblo.es\/\" target=\"_blank\" rel=\"noreferrer noopener\">Defensor del Pueblo<\/a><\/li>\n<\/ul>\n\n\n\n<p><strong>b- Canales europeos<\/strong><\/p>\n\n\n\n<ul class=\"wp-block-list\">\n<li><a href=\"https:\/\/european-union.europa.eu\/institutions-law-budget\/institutions-and-bodies\/institutions-and-bodies-profiles\/eca_es\" target=\"_blank\" rel=\"noreferrer noopener\">Tribunal de Cuentas Europeo<\/a><\/li>\n\n\n\n<li><a href=\"https:\/\/anti-fraud.ec.europa.eu\/about-us\/what-we-do_es\" target=\"_blank\" rel=\"noreferrer noopener\">Oficina Europea Antifraude<\/a><\/li>\n<\/ul>\n","protected":false},"excerpt":{"rendered":"<p>En la actualidad, contar con un canal de denuncias efectivo se ha convertido en una pr\u00e1ctica esencial para empresas y [&hellip;]<\/p>\n","protected":false},"author":1,"featured_media":0,"parent":0,"menu_order":0,"comment_status":"closed","ping_status":"closed","template":"","meta":{"_eb_attr":"","site-sidebar-layout":"default","site-content-layout":"","ast-site-content-layout":"default","site-content-style":"default","site-sidebar-style":"default","ast-global-header-display":"","ast-banner-title-visibility":"","ast-main-header-display":"","ast-hfb-above-header-display":"","ast-hfb-below-header-display":"","ast-hfb-mobile-header-display":"","site-post-title":"","ast-breadcrumbs-content":"","ast-featured-img":"","footer-sml-layout":"","theme-transparent-header-meta":"","adv-header-id-meta":"","stick-header-meta":"","header-above-stick-meta":"","header-main-stick-meta":"","header-below-stick-meta":"","astra-migrate-meta-layouts":"default","ast-page-background-enabled":"default","ast-page-background-meta":{"desktop":{"background-color":"var(--ast-global-color-4)","background-image":"","background-repeat":"repeat","background-position":"center center","background-size":"auto","background-attachment":"scroll","background-type":"","background-media":"","overlay-type":"","overlay-color":"","overlay-opacity":"","overlay-gradient":""},"tablet":{"background-color":"","background-image":"","background-repeat":"repeat","background-position":"center center","background-size":"auto","background-attachment":"scroll","background-type":"","background-media":"","overlay-type":"","overlay-color":"","overlay-opacity":"","overlay-gradient":""},"mobile":{"background-color":"","background-image":"","background-repeat":"repeat","background-position":"center center","background-size":"auto","background-attachment":"scroll","background-type":"","background-media":"","overlay-type":"","overlay-color":"","overlay-opacity":"","overlay-gradient":""}},"ast-content-background-meta":{"desktop":{"background-color":"var(--ast-global-color-5)","background-image":"","background-repeat":"repeat","background-position":"center center","background-size":"auto","background-attachment":"scroll","background-type":"","background-media":"","overlay-type":"","overlay-color":"","overlay-opacity":"","overlay-gradient":""},"tablet":{"background-color":"var(--ast-global-color-5)","background-image":"","background-repeat":"repeat","background-position":"center center","background-size":"auto","background-attachment":"scroll","background-type":"","background-media":"","overlay-type":"","overlay-color":"","overlay-opacity":"","overlay-gradient":""},"mobile":{"background-color":"var(--ast-global-color-5)","background-image":"","background-repeat":"repeat","background-position":"center center","background-size":"auto","background-attachment":"scroll","background-type":"","background-media":"","overlay-type":"","overlay-color":"","overlay-opacity":"","overlay-gradient":""}},"footnotes":""},"class_list":["post-9483","page","type-page","status-publish","hentry"],"yoast_head":"<!-- This site is optimized with the Yoast SEO plugin v25.8 - https:\/\/yoast.com\/wordpress\/plugins\/seo\/ -->\n<title>Canal de denuncias - Grupo Maestro<\/title>\n<meta name=\"robots\" content=\"noindex, follow, max-snippet:-1, max-image-preview:large, max-video-preview:-1\" \/>\n<meta property=\"og:locale\" content=\"es_ES\" \/>\n<meta property=\"og:type\" content=\"article\" \/>\n<meta property=\"og:title\" content=\"Canal de denuncias - Grupo Maestro\" \/>\n<meta property=\"og:description\" content=\"En la actualidad, contar con un canal de denuncias efectivo se ha convertido en una pr\u00e1ctica esencial para empresas y [&hellip;]\" \/>\n<meta property=\"og:url\" content=\"https:\/\/ingenia-aragon.es\/clientes\/maestro\/canal-de-denuncias\/\" \/>\n<meta property=\"og:site_name\" content=\"Grupo Maestro\" \/>\n<meta property=\"article:modified_time\" content=\"2025-09-25T10:29:36+00:00\" \/>\n<meta name=\"twitter:card\" content=\"summary_large_image\" \/>\n<meta name=\"twitter:label1\" content=\"Tiempo de lectura\" \/>\n\t<meta name=\"twitter:data1\" content=\"2 minutos\" \/>\n<script type=\"application\/ld+json\" class=\"yoast-schema-graph\">{\"@context\":\"https:\/\/schema.org\",\"@graph\":[{\"@type\":\"WebPage\",\"@id\":\"https:\/\/ingenia-aragon.es\/clientes\/maestro\/canal-de-denuncias\/\",\"url\":\"https:\/\/ingenia-aragon.es\/clientes\/maestro\/canal-de-denuncias\/\",\"name\":\"Canal de denuncias - Grupo Maestro\",\"isPartOf\":{\"@id\":\"https:\/\/ingenia-aragon.es\/clientes\/maestro\/#website\"},\"datePublished\":\"2025-09-22T15:32:25+00:00\",\"dateModified\":\"2025-09-25T10:29:36+00:00\",\"breadcrumb\":{\"@id\":\"https:\/\/ingenia-aragon.es\/clientes\/maestro\/canal-de-denuncias\/#breadcrumb\"},\"inLanguage\":\"es\",\"potentialAction\":[{\"@type\":\"ReadAction\",\"target\":[\"https:\/\/ingenia-aragon.es\/clientes\/maestro\/canal-de-denuncias\/\"]}]},{\"@type\":\"BreadcrumbList\",\"@id\":\"https:\/\/ingenia-aragon.es\/clientes\/maestro\/canal-de-denuncias\/#breadcrumb\",\"itemListElement\":[{\"@type\":\"ListItem\",\"position\":1,\"name\":\"Portada\",\"item\":\"https:\/\/ingenia-aragon.es\/clientes\/maestro\/\"},{\"@type\":\"ListItem\",\"position\":2,\"name\":\"Canal de denuncias\"}]},{\"@type\":\"WebSite\",\"@id\":\"https:\/\/ingenia-aragon.es\/clientes\/maestro\/#website\",\"url\":\"https:\/\/ingenia-aragon.es\/clientes\/maestro\/\",\"name\":\"Grupo Maestro\",\"description\":\"\",\"publisher\":{\"@id\":\"https:\/\/ingenia-aragon.es\/clientes\/maestro\/#organization\"},\"potentialAction\":[{\"@type\":\"SearchAction\",\"target\":{\"@type\":\"EntryPoint\",\"urlTemplate\":\"https:\/\/ingenia-aragon.es\/clientes\/maestro\/?s={search_term_string}\"},\"query-input\":{\"@type\":\"PropertyValueSpecification\",\"valueRequired\":true,\"valueName\":\"search_term_string\"}}],\"inLanguage\":\"es\"},{\"@type\":\"Organization\",\"@id\":\"https:\/\/ingenia-aragon.es\/clientes\/maestro\/#organization\",\"name\":\"Grupo Maestro\",\"url\":\"https:\/\/ingenia-aragon.es\/clientes\/maestro\/\",\"logo\":{\"@type\":\"ImageObject\",\"inLanguage\":\"es\",\"@id\":\"https:\/\/ingenia-aragon.es\/clientes\/maestro\/#\/schema\/logo\/image\/\",\"url\":\"https:\/\/ingenia-aragon.es\/clientes\/maestro\/wp-content\/uploads\/2025\/05\/logo-maestro.png\",\"contentUrl\":\"https:\/\/ingenia-aragon.es\/clientes\/maestro\/wp-content\/uploads\/2025\/05\/logo-maestro.png\",\"width\":255,\"height\":101,\"caption\":\"Grupo Maestro\"},\"image\":{\"@id\":\"https:\/\/ingenia-aragon.es\/clientes\/maestro\/#\/schema\/logo\/image\/\"}}]}<\/script>\n<!-- \/ Yoast SEO plugin. -->","yoast_head_json":{"title":"Canal de denuncias - Grupo Maestro","robots":{"index":"noindex","follow":"follow","max-snippet":"max-snippet:-1","max-image-preview":"max-image-preview:large","max-video-preview":"max-video-preview:-1"},"og_locale":"es_ES","og_type":"article","og_title":"Canal de denuncias - Grupo Maestro","og_description":"En la actualidad, contar con un canal de denuncias efectivo se ha convertido en una pr\u00e1ctica esencial para empresas y [&hellip;]","og_url":"https:\/\/ingenia-aragon.es\/clientes\/maestro\/canal-de-denuncias\/","og_site_name":"Grupo Maestro","article_modified_time":"2025-09-25T10:29:36+00:00","twitter_card":"summary_large_image","twitter_misc":{"Tiempo de lectura":"2 minutos"},"schema":{"@context":"https:\/\/schema.org","@graph":[{"@type":"WebPage","@id":"https:\/\/ingenia-aragon.es\/clientes\/maestro\/canal-de-denuncias\/","url":"https:\/\/ingenia-aragon.es\/clientes\/maestro\/canal-de-denuncias\/","name":"Canal de denuncias - Grupo Maestro","isPartOf":{"@id":"https:\/\/ingenia-aragon.es\/clientes\/maestro\/#website"},"datePublished":"2025-09-22T15:32:25+00:00","dateModified":"2025-09-25T10:29:36+00:00","breadcrumb":{"@id":"https:\/\/ingenia-aragon.es\/clientes\/maestro\/canal-de-denuncias\/#breadcrumb"},"inLanguage":"es","potentialAction":[{"@type":"ReadAction","target":["https:\/\/ingenia-aragon.es\/clientes\/maestro\/canal-de-denuncias\/"]}]},{"@type":"BreadcrumbList","@id":"https:\/\/ingenia-aragon.es\/clientes\/maestro\/canal-de-denuncias\/#breadcrumb","itemListElement":[{"@type":"ListItem","position":1,"name":"Portada","item":"https:\/\/ingenia-aragon.es\/clientes\/maestro\/"},{"@type":"ListItem","position":2,"name":"Canal de denuncias"}]},{"@type":"WebSite","@id":"https:\/\/ingenia-aragon.es\/clientes\/maestro\/#website","url":"https:\/\/ingenia-aragon.es\/clientes\/maestro\/","name":"Grupo Maestro","description":"","publisher":{"@id":"https:\/\/ingenia-aragon.es\/clientes\/maestro\/#organization"},"potentialAction":[{"@type":"SearchAction","target":{"@type":"EntryPoint","urlTemplate":"https:\/\/ingenia-aragon.es\/clientes\/maestro\/?s={search_term_string}"},"query-input":{"@type":"PropertyValueSpecification","valueRequired":true,"valueName":"search_term_string"}}],"inLanguage":"es"},{"@type":"Organization","@id":"https:\/\/ingenia-aragon.es\/clientes\/maestro\/#organization","name":"Grupo Maestro","url":"https:\/\/ingenia-aragon.es\/clientes\/maestro\/","logo":{"@type":"ImageObject","inLanguage":"es","@id":"https:\/\/ingenia-aragon.es\/clientes\/maestro\/#\/schema\/logo\/image\/","url":"https:\/\/ingenia-aragon.es\/clientes\/maestro\/wp-content\/uploads\/2025\/05\/logo-maestro.png","contentUrl":"https:\/\/ingenia-aragon.es\/clientes\/maestro\/wp-content\/uploads\/2025\/05\/logo-maestro.png","width":255,"height":101,"caption":"Grupo Maestro"},"image":{"@id":"https:\/\/ingenia-aragon.es\/clientes\/maestro\/#\/schema\/logo\/image\/"}}]}},"_links":{"self":[{"href":"https:\/\/ingenia-aragon.es\/clientes\/maestro\/wp-json\/wp\/v2\/pages\/9483","targetHints":{"allow":["GET"]}}],"collection":[{"href":"https:\/\/ingenia-aragon.es\/clientes\/maestro\/wp-json\/wp\/v2\/pages"}],"about":[{"href":"https:\/\/ingenia-aragon.es\/clientes\/maestro\/wp-json\/wp\/v2\/types\/page"}],"author":[{"embeddable":true,"href":"https:\/\/ingenia-aragon.es\/clientes\/maestro\/wp-json\/wp\/v2\/users\/1"}],"replies":[{"embeddable":true,"href":"https:\/\/ingenia-aragon.es\/clientes\/maestro\/wp-json\/wp\/v2\/comments?post=9483"}],"version-history":[{"count":13,"href":"https:\/\/ingenia-aragon.es\/clientes\/maestro\/wp-json\/wp\/v2\/pages\/9483\/revisions"}],"predecessor-version":[{"id":9532,"href":"https:\/\/ingenia-aragon.es\/clientes\/maestro\/wp-json\/wp\/v2\/pages\/9483\/revisions\/9532"}],"wp:attachment":[{"href":"https:\/\/ingenia-aragon.es\/clientes\/maestro\/wp-json\/wp\/v2\/media?parent=9483"}],"curies":[{"name":"wp","href":"https:\/\/api.w.org\/{rel}","templated":true}]}}