{"id":7491,"date":"2025-05-27T16:07:09","date_gmt":"2025-05-27T16:07:09","guid":{"rendered":"https:\/\/ingenia-aragon.es\/clientes\/maestro\/?page_id=7491"},"modified":"2025-09-16T14:16:00","modified_gmt":"2025-09-16T14:16:00","slug":"empresa","status":"publish","type":"page","link":"https:\/\/ingenia-aragon.es\/clientes\/maestro\/empresa\/","title":{"rendered":"Empresa"},"content":{"rendered":"\t\t<div data-elementor-type=\"wp-page\" data-elementor-id=\"7491\" class=\"elementor elementor-7491\">\n\t\t\t\t<div class=\"elementor-element elementor-element-7be1a62 e-flex e-con-boxed e-con e-parent\" data-id=\"7be1a62\" data-element_type=\"container\" data-settings=\"{&quot;background_background&quot;:&quot;classic&quot;}\">\n\t\t\t\t\t<div class=\"e-con-inner\">\n\t\t\t\t\t<\/div>\n\t\t\t\t<\/div>\n\t\t<div class=\"elementor-element elementor-element-5da37f1 e-flex e-con-boxed e-con e-parent\" data-id=\"5da37f1\" data-element_type=\"container\">\n\t\t\t\t\t<div class=\"e-con-inner\">\n\t\t\t\t<div class=\"elementor-element elementor-element-e8fc76d elementor-widget elementor-widget-heading\" data-id=\"e8fc76d\" data-element_type=\"widget\" data-widget_type=\"heading.default\">\n\t\t\t\t<div class=\"elementor-widget-container\">\n\t\t\t\t\t<h1 class=\"elementor-heading-title elementor-size-default\">Servicio de catering para empresas y centros de trabajo<\/h1>\t\t\t\t<\/div>\n\t\t\t\t<\/div>\n\t\t\t\t<div class=\"elementor-element elementor-element-1bb0b14 elementor-widget elementor-widget-text-editor\" data-id=\"1bb0b14\" data-element_type=\"widget\" data-widget_type=\"text-editor.default\">\n\t\t\t\t<div class=\"elementor-widget-container\">\n\t\t\t\t\t\t\t\t\t<p data-start=\"661\" data-end=\"852\">En <strong data-start=\"763\" data-end=\"780\">Grupo Maestro<\/strong> ofrecemos soluciones de <strong data-start=\"805\" data-end=\"831\">catering para empresas<\/strong>, ajustadas a los ritmos, espacios y necesidades de cada organizaci\u00f3n. Ya sea para el d\u00eda a d\u00eda de los empleados o para celebraciones especiales, proporcionamos una alimentaci\u00f3n saludable, equilibrada y de calidad.<\/p>\t\t\t\t\t\t\t\t<\/div>\n\t\t\t\t<\/div>\n\t\t\t\t\t<\/div>\n\t\t\t\t<\/div>\n\t\t<div class=\"elementor-element elementor-element-612bcb3 e-flex e-con-boxed e-con e-parent\" data-id=\"612bcb3\" data-element_type=\"container\">\n\t\t\t\t\t<div class=\"e-con-inner\">\n\t\t<div class=\"elementor-element elementor-element-21ef9a9 e-con-full e-flex e-con e-child\" data-id=\"21ef9a9\" data-element_type=\"container\">\n\t\t\t\t<div class=\"elementor-element elementor-element-47db610 elementor-widget elementor-widget-image\" data-id=\"47db610\" data-element_type=\"widget\" data-widget_type=\"image.default\">\n\t\t\t\t<div class=\"elementor-widget-container\">\n\t\t\t\t\t\t\t\t\t\t\t\t\t\t\t<img fetchpriority=\"high\" decoding=\"async\" width=\"600\" height=\"449\" src=\"https:\/\/ingenia-aragon.es\/clientes\/maestro\/wp-content\/uploads\/2025\/06\/trabajo-almuerzo.jpg\" class=\"attachment-full size-full wp-image-9037\" alt=\"Men\u00fas diarios para empleados\" srcset=\"https:\/\/ingenia-aragon.es\/clientes\/maestro\/wp-content\/uploads\/2025\/06\/trabajo-almuerzo.jpg 600w, https:\/\/ingenia-aragon.es\/clientes\/maestro\/wp-content\/uploads\/2025\/06\/trabajo-almuerzo-300x225.jpg 300w\" sizes=\"(max-width: 600px) 100vw, 600px\" \/>\t\t\t\t\t\t\t\t\t\t\t\t\t\t\t<\/div>\n\t\t\t\t<\/div>\n\t\t\t\t<\/div>\n\t\t<div class=\"elementor-element elementor-element-ddfd748 e-con-full e-flex e-con e-child\" data-id=\"ddfd748\" data-element_type=\"container\">\n\t\t\t\t<div class=\"elementor-element elementor-element-274258c elementor-widget elementor-widget-heading\" data-id=\"274258c\" data-element_type=\"widget\" data-widget_type=\"heading.default\">\n\t\t\t\t<div class=\"elementor-widget-container\">\n\t\t\t\t\t<h2 class=\"elementor-heading-title elementor-size-default\">Men\u00fas diarios para empleados: sanos, variados y adaptables<\/h2>\t\t\t\t<\/div>\n\t\t\t\t<\/div>\n\t\t\t\t<div class=\"elementor-element elementor-element-6c0473a elementor-widget elementor-widget-text-editor\" data-id=\"6c0473a\" data-element_type=\"widget\" data-widget_type=\"text-editor.default\">\n\t\t\t\t<div class=\"elementor-widget-container\">\n\t\t\t\t\t\t\t\t\t<p data-start=\"986\" data-end=\"1125\">Sabemos que el bienestar laboral empieza por una buena alimentaci\u00f3n. Por eso, ofrecemos men\u00fas que combinan sabor, nutrici\u00f3n y flexibilidad:<\/p><ul data-start=\"1126\" data-end=\"1324\"><li data-start=\"1126\" data-end=\"1156\"><p data-start=\"1128\" data-end=\"1156\">Men\u00fas diarios personalizados<\/p><\/li><li data-start=\"1157\" data-end=\"1248\"><p data-start=\"1159\" data-end=\"1248\">Opciones para <strong data-start=\"1173\" data-end=\"1194\">dietas especiales<\/strong>: cel\u00edacos, veganos, vegetarianos, intolerancias, etc.<\/p><\/li><li data-start=\"1249\" data-end=\"1324\"><p data-start=\"1251\" data-end=\"1324\">Servicio de cocina in situ o comida transportada, seg\u00fan las instalaciones<\/p><\/li><\/ul><p data-start=\"1326\" data-end=\"1409\">Cada plato es elaborado con <strong data-start=\"1354\" data-end=\"1390\">productos frescos y de temporada<\/strong>, sin precocinados.<\/p>\t\t\t\t\t\t\t\t<\/div>\n\t\t\t\t<\/div>\n\t\t\t\t<\/div>\n\t\t\t\t\t<\/div>\n\t\t\t\t<\/div>\n\t\t<div class=\"elementor-element elementor-element-24700c5 e-flex e-con-boxed e-con e-parent\" data-id=\"24700c5\" data-element_type=\"container\" data-settings=\"{&quot;background_background&quot;:&quot;classic&quot;}\">\n\t\t\t\t\t<div class=\"e-con-inner\">\n\t\t<div class=\"elementor-element elementor-element-13a961b e-con-full e-flex e-con e-child\" data-id=\"13a961b\" data-element_type=\"container\">\n\t\t\t\t<div class=\"elementor-element elementor-element-f283c22 elementor-widget elementor-widget-heading\" data-id=\"f283c22\" data-element_type=\"widget\" data-widget_type=\"heading.default\">\n\t\t\t\t<div class=\"elementor-widget-container\">\n\t\t\t\t\t<h2 class=\"elementor-heading-title elementor-size-default\">Catering para eventos, reuniones y celebraciones de empresa<\/h2>\t\t\t\t<\/div>\n\t\t\t\t<\/div>\n\t\t\t\t<div class=\"elementor-element elementor-element-4514f24 elementor-widget elementor-widget-text-editor\" data-id=\"4514f24\" data-element_type=\"widget\" data-widget_type=\"text-editor.default\">\n\t\t\t\t<div class=\"elementor-widget-container\">\n\t\t\t\t\t\t\t\t\t<p data-start=\"1492\" data-end=\"1629\">Ya sea una presentaci\u00f3n, un team building o una celebraci\u00f3n en la oficina, dise\u00f1amos <strong data-start=\"1577\" data-end=\"1628\">propuestas gastron\u00f3micas adaptadas a tu ocasi\u00f3n<\/strong>:<\/p><ul data-start=\"1630\" data-end=\"1757\"><li data-start=\"1630\" data-end=\"1682\"><p data-start=\"1632\" data-end=\"1682\">Aperitivos, coffee breaks, brunch, comidas o cenas<\/p><\/li><li data-start=\"1683\" data-end=\"1715\"><p data-start=\"1685\" data-end=\"1715\">Opciones formales o informales<\/p><\/li><li data-start=\"1716\" data-end=\"1757\"><p data-start=\"1718\" data-end=\"1757\">Servicio integral con entrega y montaje<\/p><\/li><\/ul><p data-start=\"1759\" data-end=\"1800\">T\u00fa pones la ocasi\u00f3n, y nosotros el sabor.<\/p>\t\t\t\t\t\t\t\t<\/div>\n\t\t\t\t<\/div>\n\t\t\t\t<\/div>\n\t\t<div class=\"elementor-element elementor-element-39e3796 e-con-full e-flex e-con e-child\" data-id=\"39e3796\" data-element_type=\"container\">\n\t\t\t\t<div class=\"elementor-element elementor-element-f50df7d elementor-widget elementor-widget-image\" data-id=\"f50df7d\" data-element_type=\"widget\" data-widget_type=\"image.default\">\n\t\t\t\t<div class=\"elementor-widget-container\">\n\t\t\t\t\t\t\t\t\t\t\t\t\t\t\t<img decoding=\"async\" width=\"600\" height=\"400\" src=\"https:\/\/ingenia-aragon.es\/clientes\/maestro\/wp-content\/uploads\/2025\/05\/catering-cafeterias-img.jpg\" class=\"attachment-full size-full wp-image-7750\" alt=\"catering-cafeterias\" srcset=\"https:\/\/ingenia-aragon.es\/clientes\/maestro\/wp-content\/uploads\/2025\/05\/catering-cafeterias-img.jpg 600w, https:\/\/ingenia-aragon.es\/clientes\/maestro\/wp-content\/uploads\/2025\/05\/catering-cafeterias-img-300x200.jpg 300w\" sizes=\"(max-width: 600px) 100vw, 600px\" \/>\t\t\t\t\t\t\t\t\t\t\t\t\t\t\t<\/div>\n\t\t\t\t<\/div>\n\t\t\t\t<\/div>\n\t\t\t\t\t<\/div>\n\t\t\t\t<\/div>\n\t\t<div class=\"elementor-element elementor-element-bf90ee3 e-flex e-con-boxed e-con e-parent\" data-id=\"bf90ee3\" data-element_type=\"container\">\n\t\t\t\t\t<div class=\"e-con-inner\">\n\t\t<div class=\"elementor-element elementor-element-29cc8ec e-con-full e-flex e-con e-child\" data-id=\"29cc8ec\" data-element_type=\"container\">\n\t\t\t\t<div class=\"elementor-element elementor-element-7c734a0 elementor-widget elementor-widget-image\" data-id=\"7c734a0\" data-element_type=\"widget\" data-widget_type=\"image.default\">\n\t\t\t\t<div class=\"elementor-widget-container\">\n\t\t\t\t\t\t\t\t\t\t\t\t\t\t\t<img decoding=\"async\" width=\"400\" height=\"600\" src=\"https:\/\/ingenia-aragon.es\/clientes\/maestro\/wp-content\/uploads\/2025\/06\/catering-para-Empresas.jpg\" class=\"attachment-large size-large wp-image-8968\" alt=\"catering para Empresas\" srcset=\"https:\/\/ingenia-aragon.es\/clientes\/maestro\/wp-content\/uploads\/2025\/06\/catering-para-Empresas.jpg 400w, https:\/\/ingenia-aragon.es\/clientes\/maestro\/wp-content\/uploads\/2025\/06\/catering-para-Empresas-200x300.jpg 200w\" sizes=\"(max-width: 400px) 100vw, 400px\" \/>\t\t\t\t\t\t\t\t\t\t\t\t\t\t\t<\/div>\n\t\t\t\t<\/div>\n\t\t\t\t<\/div>\n\t\t<div class=\"elementor-element elementor-element-cec60e5 e-con-full e-flex e-con e-child\" data-id=\"cec60e5\" data-element_type=\"container\">\n\t\t\t\t<div class=\"elementor-element elementor-element-3f46147 elementor-widget elementor-widget-heading\" data-id=\"3f46147\" data-element_type=\"widget\" data-widget_type=\"heading.default\">\n\t\t\t\t<div class=\"elementor-widget-container\">\n\t\t\t\t\t<h2 class=\"elementor-heading-title elementor-size-default\">Servicio flexible, profesional y cercano<\/h2>\t\t\t\t<\/div>\n\t\t\t\t<\/div>\n\t\t\t\t<div class=\"elementor-element elementor-element-5ba9dcc elementor-widget elementor-widget-text-editor\" data-id=\"5ba9dcc\" data-element_type=\"widget\" data-widget_type=\"text-editor.default\">\n\t\t\t\t<div class=\"elementor-widget-container\">\n\t\t\t\t\t\t\t\t\t<p data-start=\"1864\" data-end=\"1880\">Nos adaptamos a:<\/p><ul data-start=\"1881\" data-end=\"2059\"><li data-start=\"1881\" data-end=\"1942\"><p data-start=\"1883\" data-end=\"1942\">Las condiciones de tu empresa (espacios, horarios, volumen)<\/p><\/li><li data-start=\"1943\" data-end=\"2020\"><p data-start=\"1945\" data-end=\"2020\">Tus valores corporativos (sostenibilidad, inclusi\u00f3n alimentaria, bienestar)<\/p><\/li><li data-start=\"2021\" data-end=\"2059\"><p data-start=\"2023\" data-end=\"2059\">Tus expectativas de imagen y calidad<\/p><\/li><\/ul><p data-start=\"2061\" data-end=\"2136\">El objetivo: que el servicio de restauraci\u00f3n sume a tu cultura empresarial.<\/p>\t\t\t\t\t\t\t\t<\/div>\n\t\t\t\t<\/div>\n\t\t\t\t<\/div>\n\t\t\t\t\t<\/div>\n\t\t\t\t<\/div>\n\t\t<div class=\"elementor-element elementor-element-2c59bb67 e-flex e-con-boxed e-con e-parent\" data-id=\"2c59bb67\" data-element_type=\"container\" data-settings=\"{&quot;background_background&quot;:&quot;classic&quot;}\">\n\t\t\t\t\t<div class=\"e-con-inner\">\n\t\t<div class=\"elementor-element elementor-element-68d51773 e-con-full e-flex e-con e-child\" data-id=\"68d51773\" data-element_type=\"container\">\n\t\t\t\t<div class=\"elementor-element elementor-element-7b5afcaa elementor-widget elementor-widget-heading\" data-id=\"7b5afcaa\" data-element_type=\"widget\" data-widget_type=\"heading.default\">\n\t\t\t\t<div class=\"elementor-widget-container\">\n\t\t\t\t\t<h2 class=\"elementor-heading-title elementor-size-default\">\u00bfBuscas un servicio de catering para tu empresa?<\/h2>\t\t\t\t<\/div>\n\t\t\t\t<\/div>\n\t\t\t\t<div class=\"elementor-element elementor-element-467a191c elementor-widget elementor-widget-text-editor\" data-id=\"467a191c\" data-element_type=\"widget\" data-widget_type=\"text-editor.default\">\n\t\t\t\t<div class=\"elementor-widget-container\">\n\t\t\t\t\t\t\t\t\t<p><strong data-start=\"2831\" data-end=\"2937\">En Grupo Maestro ayudamos a las empresas a cuidar a su equipo a trav\u00e9s de una alimentaci\u00f3n de calidad. <\/strong>Solicita una propuesta personalizada sin compromiso.<\/p>\t\t\t\t\t\t\t\t<\/div>\n\t\t\t\t<\/div>\n\t\t\t\t<div class=\"elementor-element elementor-element-6083d65 elementor-widget elementor-widget-button\" data-id=\"6083d65\" data-element_type=\"widget\" data-widget_type=\"button.default\">\n\t\t\t\t<div class=\"elementor-widget-container\">\n\t\t\t\t\t\t\t\t\t<div class=\"elementor-button-wrapper\">\n\t\t\t\t\t<a class=\"elementor-button elementor-button-link elementor-size-sm\" href=\"https:\/\/ingenia-aragon.es\/clientes\/maestro\/contacto\/\">\n\t\t\t\t\t\t<span class=\"elementor-button-content-wrapper\">\n\t\t\t\t\t\t\t\t\t<span class=\"elementor-button-text\">Solicitar m\u00e1s informaci\u00f3n<\/span>\n\t\t\t\t\t<\/span>\n\t\t\t\t\t<\/a>\n\t\t\t\t<\/div>\n\t\t\t\t\t\t\t\t<\/div>\n\t\t\t\t<\/div>\n\t\t\t\t<\/div>\n\t\t\t\t\t<\/div>\n\t\t\t\t<\/div>\n\t\t\t\t<\/div>\n\t\t","protected":false},"excerpt":{"rendered":"<p>Servicio de catering para empresas y centros de trabajo En Grupo Maestro ofrecemos soluciones de catering para empresas, ajustadas a [&hellip;]<\/p>\n","protected":false},"author":1,"featured_media":0,"parent":0,"menu_order":0,"comment_status":"closed","ping_status":"closed","template":"","meta":{"_eb_attr":"","site-sidebar-layout":"no-sidebar","site-content-layout":"","ast-site-content-layout":"full-width-container","site-content-style":"unboxed","site-sidebar-style":"unboxed","ast-global-header-display":"","ast-banner-title-visibility":"","ast-main-header-display":"","ast-hfb-above-header-display":"","ast-hfb-below-header-display":"","ast-hfb-mobile-header-display":"","site-post-title":"disabled","ast-breadcrumbs-content":"","ast-featured-img":"disabled","footer-sml-layout":"","theme-transparent-header-meta":"disabled","adv-header-id-meta":"","stick-header-meta":"","header-above-stick-meta":"","header-main-stick-meta":"","header-below-stick-meta":"","astra-migrate-meta-layouts":"default","ast-page-background-enabled":"default","ast-page-background-meta":{"desktop":{"background-color":"var(--ast-global-color-4)","background-image":"","background-repeat":"repeat","background-position":"center center","background-size":"auto","background-attachment":"scroll","background-type":"","background-media":"","overlay-type":"","overlay-color":"","overlay-opacity":"","overlay-gradient":""},"tablet":{"background-color":"","background-image":"","background-repeat":"repeat","background-position":"center center","background-size":"auto","background-attachment":"scroll","background-type":"","background-media":"","overlay-type":"","overlay-color":"","overlay-opacity":"","overlay-gradient":""},"mobile":{"background-color":"","background-image":"","background-repeat":"repeat","background-position":"center center","background-size":"auto","background-attachment":"scroll","background-type":"","background-media":"","overlay-type":"","overlay-color":"","overlay-opacity":"","overlay-gradient":""}},"ast-content-background-meta":{"desktop":{"background-color":"var(--ast-global-color-5)","background-image":"","background-repeat":"repeat","background-position":"center center","background-size":"auto","background-attachment":"scroll","background-type":"","background-media":"","overlay-type":"","overlay-color":"","overlay-opacity":"","overlay-gradient":""},"tablet":{"background-color":"var(--ast-global-color-5)","background-image":"","background-repeat":"repeat","background-position":"center center","background-size":"auto","background-attachment":"scroll","background-type":"","background-media":"","overlay-type":"","overlay-color":"","overlay-opacity":"","overlay-gradient":""},"mobile":{"background-color":"var(--ast-global-color-5)","background-image":"","background-repeat":"repeat","background-position":"center center","background-size":"auto","background-attachment":"scroll","background-type":"","background-media":"","overlay-type":"","overlay-color":"","overlay-opacity":"","overlay-gradient":""}},"footnotes":""},"class_list":["post-7491","page","type-page","status-publish","hentry"],"yoast_head":"<!-- This site is optimized with the Yoast SEO plugin v25.8 - https:\/\/yoast.com\/wordpress\/plugins\/seo\/ -->\n<title>Catering para Empresas, men\u00fas diarios y eventos | Grupo Maestro<\/title>\n<meta name=\"description\" content=\"En Grupo Maestro ofrecemos un servicio de catering para empresas adaptado a tus necesidades: men\u00fas diarios para empleados, dietas especiales y eventos corporativos. Calidad, flexibilidad y experiencia.\" \/>\n<meta name=\"robots\" content=\"noindex, follow, max-snippet:-1, max-image-preview:large, max-video-preview:-1\" \/>\n<meta property=\"og:locale\" content=\"es_ES\" \/>\n<meta property=\"og:type\" content=\"article\" \/>\n<meta property=\"og:title\" content=\"Catering para Empresas, men\u00fas diarios y eventos | Grupo Maestro\" \/>\n<meta property=\"og:description\" content=\"En Grupo Maestro ofrecemos un servicio de catering para empresas adaptado a tus necesidades: men\u00fas diarios para empleados, dietas especiales y eventos corporativos. Calidad, flexibilidad y experiencia.\" \/>\n<meta property=\"og:url\" content=\"https:\/\/ingenia-aragon.es\/clientes\/maestro\/empresa\/\" \/>\n<meta property=\"og:site_name\" content=\"Grupo Maestro\" \/>\n<meta property=\"article:modified_time\" content=\"2025-09-16T14:16:00+00:00\" \/>\n<meta property=\"og:image\" content=\"https:\/\/ingenia-aragon.es\/clientes\/maestro\/wp-content\/uploads\/2025\/06\/trabajo-almuerzo.jpg\" \/>\n\t<meta property=\"og:image:width\" content=\"600\" \/>\n\t<meta property=\"og:image:height\" content=\"449\" \/>\n\t<meta property=\"og:image:type\" content=\"image\/jpeg\" \/>\n<meta name=\"twitter:card\" content=\"summary_large_image\" \/>\n<meta name=\"twitter:label1\" content=\"Tiempo de lectura\" \/>\n\t<meta name=\"twitter:data1\" content=\"2 minutos\" \/>\n<script type=\"application\/ld+json\" class=\"yoast-schema-graph\">{\"@context\":\"https:\/\/schema.org\",\"@graph\":[{\"@type\":\"WebPage\",\"@id\":\"https:\/\/ingenia-aragon.es\/clientes\/maestro\/empresa\/\",\"url\":\"https:\/\/ingenia-aragon.es\/clientes\/maestro\/empresa\/\",\"name\":\"Catering para Empresas, men\u00fas diarios y eventos | Grupo Maestro\",\"isPartOf\":{\"@id\":\"https:\/\/ingenia-aragon.es\/clientes\/maestro\/#website\"},\"primaryImageOfPage\":{\"@id\":\"https:\/\/ingenia-aragon.es\/clientes\/maestro\/empresa\/#primaryimage\"},\"image\":{\"@id\":\"https:\/\/ingenia-aragon.es\/clientes\/maestro\/empresa\/#primaryimage\"},\"thumbnailUrl\":\"https:\/\/ingenia-aragon.es\/clientes\/maestro\/wp-content\/uploads\/2025\/06\/trabajo-almuerzo.jpg\",\"datePublished\":\"2025-05-27T16:07:09+00:00\",\"dateModified\":\"2025-09-16T14:16:00+00:00\",\"description\":\"En Grupo Maestro ofrecemos un servicio de catering para empresas adaptado a tus necesidades: men\u00fas diarios para empleados, dietas especiales y eventos corporativos. Calidad, flexibilidad y experiencia.\",\"breadcrumb\":{\"@id\":\"https:\/\/ingenia-aragon.es\/clientes\/maestro\/empresa\/#breadcrumb\"},\"inLanguage\":\"es\",\"potentialAction\":[{\"@type\":\"ReadAction\",\"target\":[\"https:\/\/ingenia-aragon.es\/clientes\/maestro\/empresa\/\"]}]},{\"@type\":\"ImageObject\",\"inLanguage\":\"es\",\"@id\":\"https:\/\/ingenia-aragon.es\/clientes\/maestro\/empresa\/#primaryimage\",\"url\":\"https:\/\/ingenia-aragon.es\/clientes\/maestro\/wp-content\/uploads\/2025\/06\/trabajo-almuerzo.jpg\",\"contentUrl\":\"https:\/\/ingenia-aragon.es\/clientes\/maestro\/wp-content\/uploads\/2025\/06\/trabajo-almuerzo.jpg\",\"width\":600,\"height\":449,\"caption\":\"Men\u00fas diarios para empleados\"},{\"@type\":\"BreadcrumbList\",\"@id\":\"https:\/\/ingenia-aragon.es\/clientes\/maestro\/empresa\/#breadcrumb\",\"itemListElement\":[{\"@type\":\"ListItem\",\"position\":1,\"name\":\"Portada\",\"item\":\"https:\/\/ingenia-aragon.es\/clientes\/maestro\/\"},{\"@type\":\"ListItem\",\"position\":2,\"name\":\"Empresa\"}]},{\"@type\":\"WebSite\",\"@id\":\"https:\/\/ingenia-aragon.es\/clientes\/maestro\/#website\",\"url\":\"https:\/\/ingenia-aragon.es\/clientes\/maestro\/\",\"name\":\"Grupo Maestro\",\"description\":\"\",\"publisher\":{\"@id\":\"https:\/\/ingenia-aragon.es\/clientes\/maestro\/#organization\"},\"potentialAction\":[{\"@type\":\"SearchAction\",\"target\":{\"@type\":\"EntryPoint\",\"urlTemplate\":\"https:\/\/ingenia-aragon.es\/clientes\/maestro\/?s={search_term_string}\"},\"query-input\":{\"@type\":\"PropertyValueSpecification\",\"valueRequired\":true,\"valueName\":\"search_term_string\"}}],\"inLanguage\":\"es\"},{\"@type\":\"Organization\",\"@id\":\"https:\/\/ingenia-aragon.es\/clientes\/maestro\/#organization\",\"name\":\"Grupo Maestro\",\"url\":\"https:\/\/ingenia-aragon.es\/clientes\/maestro\/\",\"logo\":{\"@type\":\"ImageObject\",\"inLanguage\":\"es\",\"@id\":\"https:\/\/ingenia-aragon.es\/clientes\/maestro\/#\/schema\/logo\/image\/\",\"url\":\"https:\/\/ingenia-aragon.es\/clientes\/maestro\/wp-content\/uploads\/2025\/05\/logo-maestro.png\",\"contentUrl\":\"https:\/\/ingenia-aragon.es\/clientes\/maestro\/wp-content\/uploads\/2025\/05\/logo-maestro.png\",\"width\":255,\"height\":101,\"caption\":\"Grupo Maestro\"},\"image\":{\"@id\":\"https:\/\/ingenia-aragon.es\/clientes\/maestro\/#\/schema\/logo\/image\/\"}}]}<\/script>\n<!-- \/ Yoast SEO plugin. -->","yoast_head_json":{"title":"Catering para Empresas, men\u00fas diarios y eventos | Grupo Maestro","description":"En Grupo Maestro ofrecemos un servicio de catering para empresas adaptado a tus necesidades: men\u00fas diarios para empleados, dietas especiales y eventos corporativos. Calidad, flexibilidad y experiencia.","robots":{"index":"noindex","follow":"follow","max-snippet":"max-snippet:-1","max-image-preview":"max-image-preview:large","max-video-preview":"max-video-preview:-1"},"og_locale":"es_ES","og_type":"article","og_title":"Catering para Empresas, men\u00fas diarios y eventos | Grupo Maestro","og_description":"En Grupo Maestro ofrecemos un servicio de catering para empresas adaptado a tus necesidades: men\u00fas diarios para empleados, dietas especiales y eventos corporativos. Calidad, flexibilidad y experiencia.","og_url":"https:\/\/ingenia-aragon.es\/clientes\/maestro\/empresa\/","og_site_name":"Grupo Maestro","article_modified_time":"2025-09-16T14:16:00+00:00","og_image":[{"width":600,"height":449,"url":"https:\/\/ingenia-aragon.es\/clientes\/maestro\/wp-content\/uploads\/2025\/06\/trabajo-almuerzo.jpg","type":"image\/jpeg"}],"twitter_card":"summary_large_image","twitter_misc":{"Tiempo de lectura":"2 minutos"},"schema":{"@context":"https:\/\/schema.org","@graph":[{"@type":"WebPage","@id":"https:\/\/ingenia-aragon.es\/clientes\/maestro\/empresa\/","url":"https:\/\/ingenia-aragon.es\/clientes\/maestro\/empresa\/","name":"Catering para Empresas, men\u00fas diarios y eventos | Grupo Maestro","isPartOf":{"@id":"https:\/\/ingenia-aragon.es\/clientes\/maestro\/#website"},"primaryImageOfPage":{"@id":"https:\/\/ingenia-aragon.es\/clientes\/maestro\/empresa\/#primaryimage"},"image":{"@id":"https:\/\/ingenia-aragon.es\/clientes\/maestro\/empresa\/#primaryimage"},"thumbnailUrl":"https:\/\/ingenia-aragon.es\/clientes\/maestro\/wp-content\/uploads\/2025\/06\/trabajo-almuerzo.jpg","datePublished":"2025-05-27T16:07:09+00:00","dateModified":"2025-09-16T14:16:00+00:00","description":"En Grupo Maestro ofrecemos un servicio de catering para empresas adaptado a tus necesidades: men\u00fas diarios para empleados, dietas especiales y eventos corporativos. Calidad, flexibilidad y experiencia.","breadcrumb":{"@id":"https:\/\/ingenia-aragon.es\/clientes\/maestro\/empresa\/#breadcrumb"},"inLanguage":"es","potentialAction":[{"@type":"ReadAction","target":["https:\/\/ingenia-aragon.es\/clientes\/maestro\/empresa\/"]}]},{"@type":"ImageObject","inLanguage":"es","@id":"https:\/\/ingenia-aragon.es\/clientes\/maestro\/empresa\/#primaryimage","url":"https:\/\/ingenia-aragon.es\/clientes\/maestro\/wp-content\/uploads\/2025\/06\/trabajo-almuerzo.jpg","contentUrl":"https:\/\/ingenia-aragon.es\/clientes\/maestro\/wp-content\/uploads\/2025\/06\/trabajo-almuerzo.jpg","width":600,"height":449,"caption":"Men\u00fas diarios para empleados"},{"@type":"BreadcrumbList","@id":"https:\/\/ingenia-aragon.es\/clientes\/maestro\/empresa\/#breadcrumb","itemListElement":[{"@type":"ListItem","position":1,"name":"Portada","item":"https:\/\/ingenia-aragon.es\/clientes\/maestro\/"},{"@type":"ListItem","position":2,"name":"Empresa"}]},{"@type":"WebSite","@id":"https:\/\/ingenia-aragon.es\/clientes\/maestro\/#website","url":"https:\/\/ingenia-aragon.es\/clientes\/maestro\/","name":"Grupo Maestro","description":"","publisher":{"@id":"https:\/\/ingenia-aragon.es\/clientes\/maestro\/#organization"},"potentialAction":[{"@type":"SearchAction","target":{"@type":"EntryPoint","urlTemplate":"https:\/\/ingenia-aragon.es\/clientes\/maestro\/?s={search_term_string}"},"query-input":{"@type":"PropertyValueSpecification","valueRequired":true,"valueName":"search_term_string"}}],"inLanguage":"es"},{"@type":"Organization","@id":"https:\/\/ingenia-aragon.es\/clientes\/maestro\/#organization","name":"Grupo Maestro","url":"https:\/\/ingenia-aragon.es\/clientes\/maestro\/","logo":{"@type":"ImageObject","inLanguage":"es","@id":"https:\/\/ingenia-aragon.es\/clientes\/maestro\/#\/schema\/logo\/image\/","url":"https:\/\/ingenia-aragon.es\/clientes\/maestro\/wp-content\/uploads\/2025\/05\/logo-maestro.png","contentUrl":"https:\/\/ingenia-aragon.es\/clientes\/maestro\/wp-content\/uploads\/2025\/05\/logo-maestro.png","width":255,"height":101,"caption":"Grupo Maestro"},"image":{"@id":"https:\/\/ingenia-aragon.es\/clientes\/maestro\/#\/schema\/logo\/image\/"}}]}},"_links":{"self":[{"href":"https:\/\/ingenia-aragon.es\/clientes\/maestro\/wp-json\/wp\/v2\/pages\/7491","targetHints":{"allow":["GET"]}}],"collection":[{"href":"https:\/\/ingenia-aragon.es\/clientes\/maestro\/wp-json\/wp\/v2\/pages"}],"about":[{"href":"https:\/\/ingenia-aragon.es\/clientes\/maestro\/wp-json\/wp\/v2\/types\/page"}],"author":[{"embeddable":true,"href":"https:\/\/ingenia-aragon.es\/clientes\/maestro\/wp-json\/wp\/v2\/users\/1"}],"replies":[{"embeddable":true,"href":"https:\/\/ingenia-aragon.es\/clientes\/maestro\/wp-json\/wp\/v2\/comments?post=7491"}],"version-history":[{"count":59,"href":"https:\/\/ingenia-aragon.es\/clientes\/maestro\/wp-json\/wp\/v2\/pages\/7491\/revisions"}],"predecessor-version":[{"id":9270,"href":"https:\/\/ingenia-aragon.es\/clientes\/maestro\/wp-json\/wp\/v2\/pages\/7491\/revisions\/9270"}],"wp:attachment":[{"href":"https:\/\/ingenia-aragon.es\/clientes\/maestro\/wp-json\/wp\/v2\/media?parent=7491"}],"curies":[{"name":"wp","href":"https:\/\/api.w.org\/{rel}","templated":true}]}}