{"id":7280,"date":"2025-05-23T15:40:21","date_gmt":"2025-05-23T15:40:21","guid":{"rendered":"https:\/\/ingenia-aragon.es\/clientes\/maestro\/?page_id=7280"},"modified":"2025-09-16T14:20:58","modified_gmt":"2025-09-16T14:20:58","slug":"nutricion","status":"publish","type":"page","link":"https:\/\/ingenia-aragon.es\/clientes\/maestro\/nutricion\/","title":{"rendered":"Nutrici\u00f3n"},"content":{"rendered":"\t\t<div data-elementor-type=\"wp-page\" data-elementor-id=\"7280\" class=\"elementor elementor-7280\">\n\t\t\t\t<div class=\"elementor-element elementor-element-7be1a62 e-flex e-con-boxed e-con e-parent\" data-id=\"7be1a62\" data-element_type=\"container\" data-settings=\"{&quot;background_background&quot;:&quot;classic&quot;}\">\n\t\t\t\t\t<div class=\"e-con-inner\">\n\t\t\t\t\t<\/div>\n\t\t\t\t<\/div>\n\t\t<div class=\"elementor-element elementor-element-b8cd18d e-flex e-con-boxed e-con e-parent\" data-id=\"b8cd18d\" data-element_type=\"container\">\n\t\t\t\t\t<div class=\"e-con-inner\">\n\t\t\t\t<div class=\"elementor-element elementor-element-e8fc76d elementor-widget elementor-widget-heading\" data-id=\"e8fc76d\" data-element_type=\"widget\" data-widget_type=\"heading.default\">\n\t\t\t\t<div class=\"elementor-widget-container\">\n\t\t\t\t\t<h1 class=\"elementor-heading-title elementor-size-default\">Una nutrici\u00f3n pensada para cada persona, cada d\u00eda<\/h1>\t\t\t\t<\/div>\n\t\t\t\t<\/div>\n\t\t\t\t<div class=\"elementor-element elementor-element-1bb0b14 elementor-widget elementor-widget-text-editor\" data-id=\"1bb0b14\" data-element_type=\"widget\" data-widget_type=\"text-editor.default\">\n\t\t\t\t<div class=\"elementor-widget-container\">\n\t\t\t\t\t\t\t\t\t<p>En Grupo Maestro, la alimentaci\u00f3n es m\u00e1s que una obligaci\u00f3n: es salud, bienestar y aprendizaje. Por eso, dise\u00f1amos soluciones nutricionales adaptadas a cada entorno, con el mismo objetivo: cuidar de las personas, cada d\u00eda.<\/p>\t\t\t\t\t\t\t\t<\/div>\n\t\t\t\t<\/div>\n\t\t\t\t\t<\/div>\n\t\t\t\t<\/div>\n\t\t<div class=\"elementor-element elementor-element-9eb7d97 e-flex e-con-boxed e-con e-parent\" data-id=\"9eb7d97\" data-element_type=\"container\">\n\t\t\t\t\t<div class=\"e-con-inner\">\n\t\t<div class=\"elementor-element elementor-element-e99c378 e-con-full e-flex e-con e-child\" data-id=\"e99c378\" data-element_type=\"container\">\n\t\t\t\t<div class=\"elementor-element elementor-element-df3e544 elementor-widget elementor-widget-heading\" data-id=\"df3e544\" data-element_type=\"widget\" data-widget_type=\"heading.default\">\n\t\t\t\t<div class=\"elementor-widget-container\">\n\t\t\t\t\t<h2 class=\"elementor-heading-title elementor-size-default\">Centros Educativos<\/h2>\t\t\t\t<\/div>\n\t\t\t\t<\/div>\n\t\t\t\t<div class=\"elementor-element elementor-element-e8b091f elementor-widget elementor-widget-text-editor\" data-id=\"e8b091f\" data-element_type=\"widget\" data-widget_type=\"text-editor.default\">\n\t\t\t\t<div class=\"elementor-widget-container\">\n\t\t\t\t\t\t\t\t\t<p data-start=\"1074\" data-end=\"1150\">Cuidamos el presente y construimos el futuro a trav\u00e9s de men\u00fas que combinan sabor, equilibrio y educaci\u00f3n nutricional. Fomentamos h\u00e1bitos saludables desde la infancia con propuestas atractivas, variadas y alineadas con las necesidades de cada etapa escolar.<\/p>\t\t\t\t\t\t\t\t<\/div>\n\t\t\t\t<\/div>\n\t\t\t\t<\/div>\n\t\t<div class=\"elementor-element elementor-element-186930d e-con-full e-flex e-con e-child\" data-id=\"186930d\" data-element_type=\"container\">\n\t\t\t\t<div class=\"elementor-element elementor-element-6e210a3 elementor-widget elementor-widget-image\" data-id=\"6e210a3\" data-element_type=\"widget\" data-widget_type=\"image.default\">\n\t\t\t\t<div class=\"elementor-widget-container\">\n\t\t\t\t\t\t\t\t\t\t\t\t\t\t\t<img fetchpriority=\"high\" decoding=\"async\" width=\"800\" height=\"534\" src=\"https:\/\/ingenia-aragon.es\/clientes\/maestro\/wp-content\/uploads\/2025\/05\/empresas-de-catering-para-colegios2.jpg\" class=\"attachment-large size-large wp-image-7856\" alt=\"empresas de catering para colegios\" srcset=\"https:\/\/ingenia-aragon.es\/clientes\/maestro\/wp-content\/uploads\/2025\/05\/empresas-de-catering-para-colegios2.jpg 800w, https:\/\/ingenia-aragon.es\/clientes\/maestro\/wp-content\/uploads\/2025\/05\/empresas-de-catering-para-colegios2-300x200.jpg 300w, https:\/\/ingenia-aragon.es\/clientes\/maestro\/wp-content\/uploads\/2025\/05\/empresas-de-catering-para-colegios2-768x513.jpg 768w\" sizes=\"(max-width: 800px) 100vw, 800px\" \/>\t\t\t\t\t\t\t\t\t\t\t\t\t\t\t<\/div>\n\t\t\t\t<\/div>\n\t\t\t\t<\/div>\n\t\t\t\t\t<\/div>\n\t\t\t\t<\/div>\n\t\t<div class=\"elementor-element elementor-element-0411fcc e-flex e-con-boxed e-con e-parent\" data-id=\"0411fcc\" data-element_type=\"container\" data-settings=\"{&quot;background_background&quot;:&quot;classic&quot;}\">\n\t\t\t\t\t<div class=\"e-con-inner\">\n\t\t<div class=\"elementor-element elementor-element-f2c4f16 e-con-full e-flex e-con e-child\" data-id=\"f2c4f16\" data-element_type=\"container\">\n\t\t\t\t<div class=\"elementor-element elementor-element-584fdef elementor-widget elementor-widget-image\" data-id=\"584fdef\" data-element_type=\"widget\" data-widget_type=\"image.default\">\n\t\t\t\t<div class=\"elementor-widget-container\">\n\t\t\t\t\t\t\t\t\t\t\t\t\t\t\t<img decoding=\"async\" width=\"800\" height=\"509\" src=\"https:\/\/ingenia-aragon.es\/clientes\/maestro\/wp-content\/uploads\/2025\/05\/comedor-para-residencias2.jpg\" class=\"attachment-large size-large wp-image-7880\" alt=\"comedor para residencias\" srcset=\"https:\/\/ingenia-aragon.es\/clientes\/maestro\/wp-content\/uploads\/2025\/05\/comedor-para-residencias2.jpg 800w, https:\/\/ingenia-aragon.es\/clientes\/maestro\/wp-content\/uploads\/2025\/05\/comedor-para-residencias2-300x191.jpg 300w, https:\/\/ingenia-aragon.es\/clientes\/maestro\/wp-content\/uploads\/2025\/05\/comedor-para-residencias2-768x489.jpg 768w\" sizes=\"(max-width: 800px) 100vw, 800px\" \/>\t\t\t\t\t\t\t\t\t\t\t\t\t\t\t<\/div>\n\t\t\t\t<\/div>\n\t\t\t\t<\/div>\n\t\t<div class=\"elementor-element elementor-element-d4828ee e-con-full e-flex e-con e-child\" data-id=\"d4828ee\" data-element_type=\"container\">\n\t\t\t\t<div class=\"elementor-element elementor-element-4198385 elementor-widget elementor-widget-heading\" data-id=\"4198385\" data-element_type=\"widget\" data-widget_type=\"heading.default\">\n\t\t\t\t<div class=\"elementor-widget-container\">\n\t\t\t\t\t<h2 class=\"elementor-heading-title elementor-size-default\">Residencias<\/h2>\t\t\t\t<\/div>\n\t\t\t\t<\/div>\n\t\t\t\t<div class=\"elementor-element elementor-element-2d46817 elementor-widget elementor-widget-text-editor\" data-id=\"2d46817\" data-element_type=\"widget\" data-widget_type=\"text-editor.default\">\n\t\t\t\t<div class=\"elementor-widget-container\">\n\t\t\t\t\t\t\t\t\t<p data-start=\"1074\" data-end=\"1150\">En esta etapa de la vida, la alimentaci\u00f3n es sin\u00f3nimo de bienestar. Ofrecemos men\u00fas personalizados, adaptados a patolog\u00edas, preferencias y texturas, que no solo nutren, sino que reconfortan. Porque cada residente merece sentirse como en casa.<\/p>\t\t\t\t\t\t\t\t<\/div>\n\t\t\t\t<\/div>\n\t\t\t\t<\/div>\n\t\t\t\t\t<\/div>\n\t\t\t\t<\/div>\n\t\t<div class=\"elementor-element elementor-element-7de21e8 e-flex e-con-boxed e-con e-parent\" data-id=\"7de21e8\" data-element_type=\"container\">\n\t\t\t\t\t<div class=\"e-con-inner\">\n\t\t<div class=\"elementor-element elementor-element-e706b9e e-con-full e-flex e-con e-child\" data-id=\"e706b9e\" data-element_type=\"container\">\n\t\t\t\t<div class=\"elementor-element elementor-element-3ef6374 elementor-widget elementor-widget-heading\" data-id=\"3ef6374\" data-element_type=\"widget\" data-widget_type=\"heading.default\">\n\t\t\t\t<div class=\"elementor-widget-container\">\n\t\t\t\t\t<h2 class=\"elementor-heading-title elementor-size-default\">Cafeter\u00edas y Centros de Trabajo<\/h2>\t\t\t\t<\/div>\n\t\t\t\t<\/div>\n\t\t\t\t<div class=\"elementor-element elementor-element-7ecc1b4 elementor-widget elementor-widget-text-editor\" data-id=\"7ecc1b4\" data-element_type=\"widget\" data-widget_type=\"text-editor.default\">\n\t\t\t\t<div class=\"elementor-widget-container\">\n\t\t\t\t\t\t\t\t\t<p data-start=\"1074\" data-end=\"1150\">Energ\u00eda, sabor y equilibrio para afrontar la jornada con vitalidad. En Grupo Maestro dise\u00f1amos opciones r\u00e1pidas, saludables y sabrosas que se adaptan a todos los ritmos y estilos de vida. Comer bien tambi\u00e9n es parte del rendimiento.<\/p>\t\t\t\t\t\t\t\t<\/div>\n\t\t\t\t<\/div>\n\t\t\t\t<\/div>\n\t\t<div class=\"elementor-element elementor-element-540daa2 e-con-full e-flex e-con e-child\" data-id=\"540daa2\" data-element_type=\"container\">\n\t\t\t\t<div class=\"elementor-element elementor-element-64df4a9 elementor-widget elementor-widget-image\" data-id=\"64df4a9\" data-element_type=\"widget\" data-widget_type=\"image.default\">\n\t\t\t\t<div class=\"elementor-widget-container\">\n\t\t\t\t\t\t\t\t\t\t\t\t\t\t\t<img decoding=\"async\" width=\"600\" height=\"400\" src=\"https:\/\/ingenia-aragon.es\/clientes\/maestro\/wp-content\/uploads\/2025\/05\/catering-centros-escolares.jpg\" class=\"attachment-large size-large wp-image-7738\" alt=\"catering-centros-escolares\" srcset=\"https:\/\/ingenia-aragon.es\/clientes\/maestro\/wp-content\/uploads\/2025\/05\/catering-centros-escolares.jpg 600w, https:\/\/ingenia-aragon.es\/clientes\/maestro\/wp-content\/uploads\/2025\/05\/catering-centros-escolares-300x200.jpg 300w\" sizes=\"(max-width: 600px) 100vw, 600px\" \/>\t\t\t\t\t\t\t\t\t\t\t\t\t\t\t<\/div>\n\t\t\t\t<\/div>\n\t\t\t\t<\/div>\n\t\t\t\t\t<\/div>\n\t\t\t\t<\/div>\n\t\t<div class=\"elementor-element elementor-element-4b22a2e e-flex e-con-boxed e-con e-parent\" data-id=\"4b22a2e\" data-element_type=\"container\">\n\t\t\t\t\t<div class=\"e-con-inner\">\n\t\t\t\t<div class=\"elementor-element elementor-element-f9b2d6f elementor-widget elementor-widget-heading\" data-id=\"f9b2d6f\" data-element_type=\"widget\" data-widget_type=\"heading.default\">\n\t\t\t\t<div class=\"elementor-widget-container\">\n\t\t\t\t\t<h2 class=\"elementor-heading-title elementor-size-default\">En Grupo Maestro, nos mueve el compromiso <br>de alimentar personas, cuidando de su salud, su entorno y su d\u00eda a d\u00eda<\/h2>\t\t\t\t<\/div>\n\t\t\t\t<\/div>\n\t\t\t\t\t<\/div>\n\t\t\t\t<\/div>\n\t\t<div class=\"elementor-element elementor-element-39e1a68d e-con-full e-flex e-con e-parent\" data-id=\"39e1a68d\" data-element_type=\"container\" data-settings=\"{&quot;background_background&quot;:&quot;classic&quot;}\">\n\t\t<div class=\"elementor-element elementor-element-1fb1ce71 e-con-full e-flex e-con e-child\" data-id=\"1fb1ce71\" data-element_type=\"container\">\n\t\t\t\t<div class=\"elementor-element elementor-element-67b741f elementor-widget elementor-widget-heading\" data-id=\"67b741f\" data-element_type=\"widget\" data-widget_type=\"heading.default\">\n\t\t\t\t<div class=\"elementor-widget-container\">\n\t\t\t\t\t<h2 class=\"elementor-heading-title elementor-size-default\">\u00bfTienes dudas nutricionales o necesitas un men\u00fa adaptado?<\/h2>\t\t\t\t<\/div>\n\t\t\t\t<\/div>\n\t\t\t\t<div class=\"elementor-element elementor-element-9722f5a elementor-widget elementor-widget-text-editor\" data-id=\"9722f5a\" data-element_type=\"widget\" data-widget_type=\"text-editor.default\">\n\t\t\t\t<div class=\"elementor-widget-container\">\n\t\t\t\t\t\t\t\t\t<p>Nuestro equipo de nutrici\u00f3n est\u00e1 a tu disposici\u00f3n para resolver cualquier duda, ajustar dietas o colaborar con los equipos m\u00e9dicos y educativos.<br data-start=\"2753\" data-end=\"2756\" \/><strong data-start=\"2756\" data-end=\"2787\">Cont\u00e1ctanos sin compromiso.<\/strong><\/p>\t\t\t\t\t\t\t\t<\/div>\n\t\t\t\t<\/div>\n\t\t\t\t<div class=\"elementor-element elementor-element-5a8d0109 elementor-widget elementor-widget-button\" data-id=\"5a8d0109\" data-element_type=\"widget\" data-widget_type=\"button.default\">\n\t\t\t\t<div class=\"elementor-widget-container\">\n\t\t\t\t\t\t\t\t\t<div class=\"elementor-button-wrapper\">\n\t\t\t\t\t<a class=\"elementor-button elementor-button-link elementor-size-sm\" href=\"https:\/\/ingenia-aragon.es\/clientes\/maestro\/contacto\/\">\n\t\t\t\t\t\t<span class=\"elementor-button-content-wrapper\">\n\t\t\t\t\t\t\t\t\t<span class=\"elementor-button-text\">Solicitar m\u00e1s informaci\u00f3n<\/span>\n\t\t\t\t\t<\/span>\n\t\t\t\t\t<\/a>\n\t\t\t\t<\/div>\n\t\t\t\t\t\t\t\t<\/div>\n\t\t\t\t<\/div>\n\t\t\t\t<\/div>\n\t\t\t\t<\/div>\n\t\t\t\t<\/div>\n\t\t","protected":false},"excerpt":{"rendered":"<p>Una nutrici\u00f3n pensada para cada persona, cada d\u00eda En Grupo Maestro, la alimentaci\u00f3n es m\u00e1s que una obligaci\u00f3n: es salud, [&hellip;]<\/p>\n","protected":false},"author":1,"featured_media":0,"parent":0,"menu_order":0,"comment_status":"closed","ping_status":"closed","template":"","meta":{"_eb_attr":"","site-sidebar-layout":"no-sidebar","site-content-layout":"","ast-site-content-layout":"full-width-container","site-content-style":"unboxed","site-sidebar-style":"unboxed","ast-global-header-display":"","ast-banner-title-visibility":"","ast-main-header-display":"","ast-hfb-above-header-display":"","ast-hfb-below-header-display":"","ast-hfb-mobile-header-display":"","site-post-title":"disabled","ast-breadcrumbs-content":"","ast-featured-img":"disabled","footer-sml-layout":"","theme-transparent-header-meta":"disabled","adv-header-id-meta":"","stick-header-meta":"","header-above-stick-meta":"","header-main-stick-meta":"","header-below-stick-meta":"","astra-migrate-meta-layouts":"default","ast-page-background-enabled":"default","ast-page-background-meta":{"desktop":{"background-color":"var(--ast-global-color-4)","background-image":"","background-repeat":"repeat","background-position":"center center","background-size":"auto","background-attachment":"scroll","background-type":"","background-media":"","overlay-type":"","overlay-color":"","overlay-opacity":"","overlay-gradient":""},"tablet":{"background-color":"","background-image":"","background-repeat":"repeat","background-position":"center center","background-size":"auto","background-attachment":"scroll","background-type":"","background-media":"","overlay-type":"","overlay-color":"","overlay-opacity":"","overlay-gradient":""},"mobile":{"background-color":"","background-image":"","background-repeat":"repeat","background-position":"center center","background-size":"auto","background-attachment":"scroll","background-type":"","background-media":"","overlay-type":"","overlay-color":"","overlay-opacity":"","overlay-gradient":""}},"ast-content-background-meta":{"desktop":{"background-color":"var(--ast-global-color-5)","background-image":"","background-repeat":"repeat","background-position":"center center","background-size":"auto","background-attachment":"scroll","background-type":"","background-media":"","overlay-type":"","overlay-color":"","overlay-opacity":"","overlay-gradient":""},"tablet":{"background-color":"var(--ast-global-color-5)","background-image":"","background-repeat":"repeat","background-position":"center center","background-size":"auto","background-attachment":"scroll","background-type":"","background-media":"","overlay-type":"","overlay-color":"","overlay-opacity":"","overlay-gradient":""},"mobile":{"background-color":"var(--ast-global-color-5)","background-image":"","background-repeat":"repeat","background-position":"center center","background-size":"auto","background-attachment":"scroll","background-type":"","background-media":"","overlay-type":"","overlay-color":"","overlay-opacity":"","overlay-gradient":""}},"footnotes":""},"class_list":["post-7280","page","type-page","status-publish","hentry"],"yoast_head":"<!-- This site is optimized with the Yoast SEO plugin v25.8 - https:\/\/yoast.com\/wordpress\/plugins\/seo\/ -->\n<title>Men\u00fas saludables y equilibrados | Departamento de Nutrici\u00f3n Grupo Maestro<\/title>\n<meta name=\"description\" content=\"Descubre c\u00f3mo planificamos nuestros men\u00fas saludables desde el Departamento de Nutrici\u00f3n. Descarga los men\u00fas mensuales en PDF. Calidad, equilibrio y variedad para cada colectivo.\" \/>\n<meta name=\"robots\" content=\"noindex, follow, max-snippet:-1, max-image-preview:large, max-video-preview:-1\" \/>\n<meta property=\"og:locale\" content=\"es_ES\" \/>\n<meta property=\"og:type\" content=\"article\" \/>\n<meta property=\"og:title\" content=\"Men\u00fas saludables y equilibrados | Departamento de Nutrici\u00f3n Grupo Maestro\" \/>\n<meta property=\"og:description\" content=\"Descubre c\u00f3mo planificamos nuestros men\u00fas saludables desde el Departamento de Nutrici\u00f3n. Descarga los men\u00fas mensuales en PDF. Calidad, equilibrio y variedad para cada colectivo.\" \/>\n<meta property=\"og:url\" content=\"https:\/\/ingenia-aragon.es\/clientes\/maestro\/nutricion\/\" \/>\n<meta property=\"og:site_name\" content=\"Grupo Maestro\" \/>\n<meta property=\"article:modified_time\" content=\"2025-09-16T14:20:58+00:00\" \/>\n<meta property=\"og:image\" content=\"https:\/\/ingenia-aragon.es\/clientes\/maestro\/wp-content\/uploads\/2025\/05\/empresas-de-catering-para-colegios2.jpg\" \/>\n\t<meta property=\"og:image:width\" content=\"800\" \/>\n\t<meta property=\"og:image:height\" content=\"534\" \/>\n\t<meta property=\"og:image:type\" content=\"image\/jpeg\" \/>\n<meta name=\"twitter:card\" content=\"summary_large_image\" \/>\n<meta name=\"twitter:label1\" content=\"Tiempo de lectura\" \/>\n\t<meta name=\"twitter:data1\" content=\"2 minutos\" \/>\n<script type=\"application\/ld+json\" class=\"yoast-schema-graph\">{\"@context\":\"https:\/\/schema.org\",\"@graph\":[{\"@type\":\"WebPage\",\"@id\":\"https:\/\/ingenia-aragon.es\/clientes\/maestro\/nutricion\/\",\"url\":\"https:\/\/ingenia-aragon.es\/clientes\/maestro\/nutricion\/\",\"name\":\"Men\u00fas saludables y equilibrados | Departamento de Nutrici\u00f3n Grupo Maestro\",\"isPartOf\":{\"@id\":\"https:\/\/ingenia-aragon.es\/clientes\/maestro\/#website\"},\"primaryImageOfPage\":{\"@id\":\"https:\/\/ingenia-aragon.es\/clientes\/maestro\/nutricion\/#primaryimage\"},\"image\":{\"@id\":\"https:\/\/ingenia-aragon.es\/clientes\/maestro\/nutricion\/#primaryimage\"},\"thumbnailUrl\":\"https:\/\/ingenia-aragon.es\/clientes\/maestro\/wp-content\/uploads\/2025\/05\/empresas-de-catering-para-colegios2.jpg\",\"datePublished\":\"2025-05-23T15:40:21+00:00\",\"dateModified\":\"2025-09-16T14:20:58+00:00\",\"description\":\"Descubre c\u00f3mo planificamos nuestros men\u00fas saludables desde el Departamento de Nutrici\u00f3n. Descarga los men\u00fas mensuales en PDF. Calidad, equilibrio y variedad para cada colectivo.\",\"breadcrumb\":{\"@id\":\"https:\/\/ingenia-aragon.es\/clientes\/maestro\/nutricion\/#breadcrumb\"},\"inLanguage\":\"es\",\"potentialAction\":[{\"@type\":\"ReadAction\",\"target\":[\"https:\/\/ingenia-aragon.es\/clientes\/maestro\/nutricion\/\"]}]},{\"@type\":\"ImageObject\",\"inLanguage\":\"es\",\"@id\":\"https:\/\/ingenia-aragon.es\/clientes\/maestro\/nutricion\/#primaryimage\",\"url\":\"https:\/\/ingenia-aragon.es\/clientes\/maestro\/wp-content\/uploads\/2025\/05\/empresas-de-catering-para-colegios2.jpg\",\"contentUrl\":\"https:\/\/ingenia-aragon.es\/clientes\/maestro\/wp-content\/uploads\/2025\/05\/empresas-de-catering-para-colegios2.jpg\",\"width\":800,\"height\":534,\"caption\":\"empresas de catering para colegios\"},{\"@type\":\"BreadcrumbList\",\"@id\":\"https:\/\/ingenia-aragon.es\/clientes\/maestro\/nutricion\/#breadcrumb\",\"itemListElement\":[{\"@type\":\"ListItem\",\"position\":1,\"name\":\"Portada\",\"item\":\"https:\/\/ingenia-aragon.es\/clientes\/maestro\/\"},{\"@type\":\"ListItem\",\"position\":2,\"name\":\"Nutrici\u00f3n\"}]},{\"@type\":\"WebSite\",\"@id\":\"https:\/\/ingenia-aragon.es\/clientes\/maestro\/#website\",\"url\":\"https:\/\/ingenia-aragon.es\/clientes\/maestro\/\",\"name\":\"Grupo Maestro\",\"description\":\"\",\"publisher\":{\"@id\":\"https:\/\/ingenia-aragon.es\/clientes\/maestro\/#organization\"},\"potentialAction\":[{\"@type\":\"SearchAction\",\"target\":{\"@type\":\"EntryPoint\",\"urlTemplate\":\"https:\/\/ingenia-aragon.es\/clientes\/maestro\/?s={search_term_string}\"},\"query-input\":{\"@type\":\"PropertyValueSpecification\",\"valueRequired\":true,\"valueName\":\"search_term_string\"}}],\"inLanguage\":\"es\"},{\"@type\":\"Organization\",\"@id\":\"https:\/\/ingenia-aragon.es\/clientes\/maestro\/#organization\",\"name\":\"Grupo Maestro\",\"url\":\"https:\/\/ingenia-aragon.es\/clientes\/maestro\/\",\"logo\":{\"@type\":\"ImageObject\",\"inLanguage\":\"es\",\"@id\":\"https:\/\/ingenia-aragon.es\/clientes\/maestro\/#\/schema\/logo\/image\/\",\"url\":\"https:\/\/ingenia-aragon.es\/clientes\/maestro\/wp-content\/uploads\/2025\/05\/logo-maestro.png\",\"contentUrl\":\"https:\/\/ingenia-aragon.es\/clientes\/maestro\/wp-content\/uploads\/2025\/05\/logo-maestro.png\",\"width\":255,\"height\":101,\"caption\":\"Grupo Maestro\"},\"image\":{\"@id\":\"https:\/\/ingenia-aragon.es\/clientes\/maestro\/#\/schema\/logo\/image\/\"}}]}<\/script>\n<!-- \/ Yoast SEO plugin. -->","yoast_head_json":{"title":"Men\u00fas saludables y equilibrados | Departamento de Nutrici\u00f3n Grupo Maestro","description":"Descubre c\u00f3mo planificamos nuestros men\u00fas saludables desde el Departamento de Nutrici\u00f3n. Descarga los men\u00fas mensuales en PDF. Calidad, equilibrio y variedad para cada colectivo.","robots":{"index":"noindex","follow":"follow","max-snippet":"max-snippet:-1","max-image-preview":"max-image-preview:large","max-video-preview":"max-video-preview:-1"},"og_locale":"es_ES","og_type":"article","og_title":"Men\u00fas saludables y equilibrados | Departamento de Nutrici\u00f3n Grupo Maestro","og_description":"Descubre c\u00f3mo planificamos nuestros men\u00fas saludables desde el Departamento de Nutrici\u00f3n. Descarga los men\u00fas mensuales en PDF. Calidad, equilibrio y variedad para cada colectivo.","og_url":"https:\/\/ingenia-aragon.es\/clientes\/maestro\/nutricion\/","og_site_name":"Grupo Maestro","article_modified_time":"2025-09-16T14:20:58+00:00","og_image":[{"width":800,"height":534,"url":"https:\/\/ingenia-aragon.es\/clientes\/maestro\/wp-content\/uploads\/2025\/05\/empresas-de-catering-para-colegios2.jpg","type":"image\/jpeg"}],"twitter_card":"summary_large_image","twitter_misc":{"Tiempo de lectura":"2 minutos"},"schema":{"@context":"https:\/\/schema.org","@graph":[{"@type":"WebPage","@id":"https:\/\/ingenia-aragon.es\/clientes\/maestro\/nutricion\/","url":"https:\/\/ingenia-aragon.es\/clientes\/maestro\/nutricion\/","name":"Men\u00fas saludables y equilibrados | Departamento de Nutrici\u00f3n Grupo Maestro","isPartOf":{"@id":"https:\/\/ingenia-aragon.es\/clientes\/maestro\/#website"},"primaryImageOfPage":{"@id":"https:\/\/ingenia-aragon.es\/clientes\/maestro\/nutricion\/#primaryimage"},"image":{"@id":"https:\/\/ingenia-aragon.es\/clientes\/maestro\/nutricion\/#primaryimage"},"thumbnailUrl":"https:\/\/ingenia-aragon.es\/clientes\/maestro\/wp-content\/uploads\/2025\/05\/empresas-de-catering-para-colegios2.jpg","datePublished":"2025-05-23T15:40:21+00:00","dateModified":"2025-09-16T14:20:58+00:00","description":"Descubre c\u00f3mo planificamos nuestros men\u00fas saludables desde el Departamento de Nutrici\u00f3n. Descarga los men\u00fas mensuales en PDF. Calidad, equilibrio y variedad para cada colectivo.","breadcrumb":{"@id":"https:\/\/ingenia-aragon.es\/clientes\/maestro\/nutricion\/#breadcrumb"},"inLanguage":"es","potentialAction":[{"@type":"ReadAction","target":["https:\/\/ingenia-aragon.es\/clientes\/maestro\/nutricion\/"]}]},{"@type":"ImageObject","inLanguage":"es","@id":"https:\/\/ingenia-aragon.es\/clientes\/maestro\/nutricion\/#primaryimage","url":"https:\/\/ingenia-aragon.es\/clientes\/maestro\/wp-content\/uploads\/2025\/05\/empresas-de-catering-para-colegios2.jpg","contentUrl":"https:\/\/ingenia-aragon.es\/clientes\/maestro\/wp-content\/uploads\/2025\/05\/empresas-de-catering-para-colegios2.jpg","width":800,"height":534,"caption":"empresas de catering para colegios"},{"@type":"BreadcrumbList","@id":"https:\/\/ingenia-aragon.es\/clientes\/maestro\/nutricion\/#breadcrumb","itemListElement":[{"@type":"ListItem","position":1,"name":"Portada","item":"https:\/\/ingenia-aragon.es\/clientes\/maestro\/"},{"@type":"ListItem","position":2,"name":"Nutrici\u00f3n"}]},{"@type":"WebSite","@id":"https:\/\/ingenia-aragon.es\/clientes\/maestro\/#website","url":"https:\/\/ingenia-aragon.es\/clientes\/maestro\/","name":"Grupo Maestro","description":"","publisher":{"@id":"https:\/\/ingenia-aragon.es\/clientes\/maestro\/#organization"},"potentialAction":[{"@type":"SearchAction","target":{"@type":"EntryPoint","urlTemplate":"https:\/\/ingenia-aragon.es\/clientes\/maestro\/?s={search_term_string}"},"query-input":{"@type":"PropertyValueSpecification","valueRequired":true,"valueName":"search_term_string"}}],"inLanguage":"es"},{"@type":"Organization","@id":"https:\/\/ingenia-aragon.es\/clientes\/maestro\/#organization","name":"Grupo Maestro","url":"https:\/\/ingenia-aragon.es\/clientes\/maestro\/","logo":{"@type":"ImageObject","inLanguage":"es","@id":"https:\/\/ingenia-aragon.es\/clientes\/maestro\/#\/schema\/logo\/image\/","url":"https:\/\/ingenia-aragon.es\/clientes\/maestro\/wp-content\/uploads\/2025\/05\/logo-maestro.png","contentUrl":"https:\/\/ingenia-aragon.es\/clientes\/maestro\/wp-content\/uploads\/2025\/05\/logo-maestro.png","width":255,"height":101,"caption":"Grupo Maestro"},"image":{"@id":"https:\/\/ingenia-aragon.es\/clientes\/maestro\/#\/schema\/logo\/image\/"}}]}},"_links":{"self":[{"href":"https:\/\/ingenia-aragon.es\/clientes\/maestro\/wp-json\/wp\/v2\/pages\/7280","targetHints":{"allow":["GET"]}}],"collection":[{"href":"https:\/\/ingenia-aragon.es\/clientes\/maestro\/wp-json\/wp\/v2\/pages"}],"about":[{"href":"https:\/\/ingenia-aragon.es\/clientes\/maestro\/wp-json\/wp\/v2\/types\/page"}],"author":[{"embeddable":true,"href":"https:\/\/ingenia-aragon.es\/clientes\/maestro\/wp-json\/wp\/v2\/users\/1"}],"replies":[{"embeddable":true,"href":"https:\/\/ingenia-aragon.es\/clientes\/maestro\/wp-json\/wp\/v2\/comments?post=7280"}],"version-history":[{"count":69,"href":"https:\/\/ingenia-aragon.es\/clientes\/maestro\/wp-json\/wp\/v2\/pages\/7280\/revisions"}],"predecessor-version":[{"id":9286,"href":"https:\/\/ingenia-aragon.es\/clientes\/maestro\/wp-json\/wp\/v2\/pages\/7280\/revisions\/9286"}],"wp:attachment":[{"href":"https:\/\/ingenia-aragon.es\/clientes\/maestro\/wp-json\/wp\/v2\/media?parent=7280"}],"curies":[{"name":"wp","href":"https:\/\/api.w.org\/{rel}","templated":true}]}}