{"id":4516,"date":"2022-11-15T15:33:29","date_gmt":"2022-11-15T15:33:29","guid":{"rendered":"https:\/\/ingenia-aragon.es\/clientes\/maestro\/?page_id=4516"},"modified":"2025-05-29T14:50:28","modified_gmt":"2025-05-29T14:50:28","slug":"aviso-legal","status":"publish","type":"page","link":"https:\/\/ingenia-aragon.es\/clientes\/maestro\/aviso-legal\/","title":{"rendered":"Aviso legal"},"content":{"rendered":"\n<p><strong>Introducci\u00f3n<\/strong><\/p>\n\n\n\n<p>En cumplimiento de la Ley 34\/2002, de 11 de julio, de Servicios de la Sociedad de la Informaci\u00f3n y de Comercio Electr\u00f3nico (LSSI-CE), COLECTIVIDADES M.MAESTRO SL informa que es titular del sitio web.<br><br>De acuerdo con la exigencia del art\u00edculo 10 de la citada Ley, COLECTIVIDADES M.MAESTRO SL informa de los siguientes datos:<br><br><\/p>\n\n\n\n<figure class=\"wp-block-table\"><table class=\"has-fixed-layout\"><tbody><tr><td><strong>RAZ\u00d3N<\/strong><strong>SOCIAL<\/strong><\/td><td>COLECTIVIDADES M.MAESTRO SL<\/td><\/tr><tr><td><strong>NIF<\/strong><\/td><td>B83269241<\/td><\/tr><tr><td><strong>DOMINIO<\/strong><\/td><td>https:\/\/<a href=\"http:\/\/www.grupomaestro.es\/\">www.grupomaestro.es\/<\/a><\/td><\/tr><tr><td><strong>DIRECCI\u00d3N<\/strong><strong>POSTAL<\/strong><\/td><td>JUAN DE LA CIERVA 21,28939 ARROYOMOLINOS(MADRID)<\/td><\/tr><tr><td><strong>DIRECCI\u00d3N<\/strong><strong>ELECTR\u00d3NICA<\/strong><\/td><td><a href=\"mailto:info@grupomaestro.es\">info@grupomaestro.es<\/a><\/td><\/tr><tr><td><strong>TEL\u00c9FONOS<\/strong><\/td><td>916686506<\/td><\/tr><tr><td><strong>N.\u00ba<\/strong><strong>REGISTRO\/DATOS <\/strong><strong>ADICIONALES<\/strong><\/td><td><br><\/td><\/tr><\/tbody><\/table><\/figure>\n\n\n\n<p><strong>Usuario y r\u00e9gimen de responsabilidades<\/strong><\/p>\n\n\n\n<p>La navegaci\u00f3n, acceso y uso por el sitio web de COLECTIVIDADES M.MAESTRO SL confiere la condici\u00f3n de usuario.<\/p>\n\n\n\n<p>El sitio web de COLECTIVIDADES M.MAESTRO SL proporciona gran diversidad de informaci\u00f3n, servicios y datos. El usuario asume su responsabilidad en el uso correcto del sitio web. Esta responsabilidad se extender\u00e1 a:<\/p>\n\n\n\n<ul class=\"wp-block-list\">\n<li>La veracidad y licitud de las informaciones aportadas por el usuario en los formularios extendidos por COLECTIVIDADES M.MAESTRO SL para el acceso a ciertos contenidos o servicios ofrecidos por el web.<\/li>\n\n\n\n<li>El uso de la informaci\u00f3n, servicios y datos ofrecidos por COLECTIVIDADES M.MAESTRO SL contrariamente a lo dispuesto por las presentes condiciones, la Ley, la moral, las buenas costumbres o el orden p\u00fablico, o que de cualquier otro modo puedan suponer lesi\u00f3n de los derechos de terceros o del mismo funcionamiento del sitio web.<\/li>\n<\/ul>\n\n\n\n<p><strong>Pol\u00edtica de enlaces y exenciones de responsabilidad<\/strong><\/p>\n\n\n\n<p>COLECTIVIDADES M.MAESTRO SL no se hace responsable del contenido de los sitios web a los que el usuario pueda acceder a trav\u00e9s de los enlaces establecidos en su sitio web, siempre que no tenga conocimiento efectivo de que la actividad o la informaci\u00f3n a la que remite o recomienda es il\u00edcita o de que lesiona bienes o derechos de un tercero susceptibles de indemnizaci\u00f3n, o, en caso de tenerlo, act\u00fae con diligencia para suprimir o inutilizar el enlace correspondiente.<br><br>Se entender\u00e1 que COLECTIVIDADES M.MAESTRO SL tiene el conocimiento efectivo a que se refiere el p\u00e1rrafo anterior cuando un \u00f3rgano competente haya declarado la ilicitud de los datos, ordenado su retirada o que se imposibilite el acceso a los mismos, o se hubiera declarado la existencia de la lesi\u00f3n, y COLECTIVIDADES M.MAESTRO SL conociera la correspondiente resoluci\u00f3n, sin perjuicio de los procedimientos de detecci\u00f3n y retirada de contenidos que COLECTIVIDADES  .MAESTRO SL aplique en virtud de acuerdos voluntarios y de otros medios de conocimiento efectivo que pudieran establecerse.<br><br>COLECTIVIDADES M.MAESTRO SL declara haber adoptado todas las medidas necesarias para evitar cualquier da\u00f1o a los usuarios de su sitio web, que pudieran derivarse de la navegaci\u00f3n por su sitio web. En consecuencia, COLECTIVIDADES M.MAESTRO SL no se hace responsable, en ning\u00fan caso, de los eventuales da\u00f1os que por la navegaci\u00f3n por Internet pudiera sufrir el usuario. Asimismo, tampoco garantizar\u00e1 la disponibilidad t\u00e9cnica, exactitud, veracidad, validez o legalidad de sitios ajenos a su propiedad a los que se pueda acceder por medio de los enlaces.<br><br><strong>Modificaciones<\/strong><br><br>COLECTIVIDADES M.MAESTRO SL se reserva la facultad de efectuar, en cualquier momento y sin necesidad de previo aviso, modificaciones y actualizaciones de la informaci\u00f3n contenida en su sitio web o en la configuraci\u00f3n y presentaci\u00f3n de esta. Con objeto de mantener actualizada la informaci\u00f3n publicada, los contenidos del mismo podr\u00e1n ser modificados, corregidos, eliminados o a\u00f1adidos en cualquier momento, por cualquier forma admisible en derecho.<\/p>\n\n\n\n<p><strong>Indicaci\u00f3n de precios<\/strong><br><br>En caso de que se muestren precios de productos y\/o servicios, los indicados en pantalla ser\u00e1n los vigentes en cada momento. Los precios ser\u00e1n indicados en euros y tendr\u00e1n incorporado el Impuesto sobre el Valor A\u00f1adido (IVA). En caso de que no se incorpore el IVA en el precio, se indicar\u00e1 de manera expresa y se permitir\u00e1 al usuario visualizar el precio final completo.<br><br>Asimismo, si fuera aplicable cualquier otro impuesto, as\u00ed se indicar\u00eda, incluyendo, en su caso, el importe de los incrementos o descuentos que sean de aplicaci\u00f3n a la oferta y los gastos adicionales que puedan repercutir al consumidor o usuario.<br><br><strong>Propiedad intelectual e industrial<\/strong><br><br>COLECTIVIDADES M.MAESTRO SL por s\u00ed misma o como cesionaria, es titular de todos los derechos de propiedad intelectual e industrial de su p\u00e1gina web, as\u00ed como de los elementos contenidos en la misma (a t\u00edtulo enunciativo, im\u00e1genes, sonido, audio, v\u00eddeo, software o textos; marcas o logotipos, combinaciones de colores, estructura y dise\u00f1o, selecci\u00f3n de materiales usados, programas de ordenador necesarios para su funcionamiento, acceso y uso, etc.), titularidad de COLECTIVIDADES M.MAESTRO SL. Ser\u00e1n, por consiguiente, obras protegidas como propiedad intelectual por el ordenamiento jur\u00eddico espa\u00f1ol, si\u00e9ndoles aplicables tanto la normativa espa\u00f1ola y comunitaria en este campo, como los tratados internacionales relativos a la materia y suscritos por Espa\u00f1a.<br><br>Todos los derechos reservados. En virtud de lo dispuesto en la Ley de Propiedad Intelectual, quedan expresamente prohibidas la reproducci\u00f3n, la distribuci\u00f3n y la comunicaci\u00f3n p\u00fablica, incluida su modalidad de puesta a disposici\u00f3n, de la totalidad o parte de los contenidos de esta p\u00e1gina web, con fines comerciales, en cualquier soporte y por cualquier medio t\u00e9cnico, sin la autorizaci\u00f3n de COLECTIVIDADES M.MAESTRO SL.<br><br>El usuario se compromete a respetar los derechos de Propiedad Intelectual e Industrial titularidad de COLECTIVIDADES M.MAESTRO SL. Podr\u00e1 visualizar los elementos del portal e incluso imprimirlos, copiarlos y almacenarlos en el disco duro de su ordenador o en cualquier otro soporte f\u00edsico siempre y cuando sea, \u00fanica y exclusivamente, para su uso personal y privado. El usuario deber\u00e1 abstenerse de suprimir, alterar, eludir o manipular cualquier dispositivo de protecci\u00f3n o sistema de seguridad que estuviera instalado en las p\u00e1ginas de COLECTIVIDADES M.MAESTRO SL.<\/p>\n\n\n\n<p><strong>Acciones legales, legislaci\u00f3n aplicable y jurisdicci\u00f3n<\/strong><br><br>Si el usuario desea presentar una reclamaci\u00f3n, deber\u00e1 contactar mediante el correo electr\u00f3nico info@grupomaestro.es. Asimismo, COLECTIVIDADES M.MAESTRO SL dispone de hojas oficiales de reclamaci\u00f3n a disposici\u00f3n de los consumidores y usuarios.<\/p>\n\n\n\n<p>COLECTIVIDADES M.MAESTRO SL se reserva la facultad de presentar las acciones civiles o penales que considere oportunas por la utilizaci\u00f3n indebida de su sitio web y contenidos, o por el incumplimiento de las presentes condiciones.<br><br>La relaci\u00f3n entre el usuario y el prestador se regir\u00e1 por la normativa vigente y de aplicaci\u00f3n en el territorio espa\u00f1ol. De surgir cualquier controversia las partes podr\u00e1n someter sus conflictos a arbitraje o acudir a la jurisdicci\u00f3n ordinaria cumpliendo con las normas sobre jurisdicci\u00f3n y competencia al respecto.<\/p>\n\n\n\n<p><strong>\u00daltima actualizaci\u00f3n: 9 de abril de 2025<\/strong><\/p>\n\n\n\n<p><\/p>\n","protected":false},"excerpt":{"rendered":"<p>Introducci\u00f3n En cumplimiento de la Ley 34\/2002, de 11 de julio, de Servicios de la Sociedad de la Informaci\u00f3n y [&hellip;]<\/p>\n","protected":false},"author":1,"featured_media":0,"parent":0,"menu_order":0,"comment_status":"closed","ping_status":"closed","template":"","meta":{"_eb_attr":"","site-sidebar-layout":"default","site-content-layout":"","ast-site-content-layout":"","site-content-style":"default","site-sidebar-style":"default","ast-global-header-display":"","ast-banner-title-visibility":"","ast-main-header-display":"","ast-hfb-above-header-display":"","ast-hfb-below-header-display":"","ast-hfb-mobile-header-display":"","site-post-title":"","ast-breadcrumbs-content":"","ast-featured-img":"","footer-sml-layout":"","theme-transparent-header-meta":"","adv-header-id-meta":"","stick-header-meta":"","header-above-stick-meta":"","header-main-stick-meta":"","header-below-stick-meta":"","astra-migrate-meta-layouts":"default","ast-page-background-enabled":"default","ast-page-background-meta":{"desktop":{"background-color":"var(--ast-global-color-4)","background-image":"","background-repeat":"repeat","background-position":"center center","background-size":"auto","background-attachment":"scroll","background-type":"","background-media":"","overlay-type":"","overlay-color":"","overlay-opacity":"","overlay-gradient":""},"tablet":{"background-color":"","background-image":"","background-repeat":"repeat","background-position":"center center","background-size":"auto","background-attachment":"scroll","background-type":"","background-media":"","overlay-type":"","overlay-color":"","overlay-opacity":"","overlay-gradient":""},"mobile":{"background-color":"","background-image":"","background-repeat":"repeat","background-position":"center center","background-size":"auto","background-attachment":"scroll","background-type":"","background-media":"","overlay-type":"","overlay-color":"","overlay-opacity":"","overlay-gradient":""}},"ast-content-background-meta":{"desktop":{"background-color":"var(--ast-global-color-5)","background-image":"","background-repeat":"repeat","background-position":"center center","background-size":"auto","background-attachment":"scroll","background-type":"","background-media":"","overlay-type":"","overlay-color":"","overlay-opacity":"","overlay-gradient":""},"tablet":{"background-color":"var(--ast-global-color-5)","background-image":"","background-repeat":"repeat","background-position":"center center","background-size":"auto","background-attachment":"scroll","background-type":"","background-media":"","overlay-type":"","overlay-color":"","overlay-opacity":"","overlay-gradient":""},"mobile":{"background-color":"var(--ast-global-color-5)","background-image":"","background-repeat":"repeat","background-position":"center center","background-size":"auto","background-attachment":"scroll","background-type":"","background-media":"","overlay-type":"","overlay-color":"","overlay-opacity":"","overlay-gradient":""}},"footnotes":""},"class_list":["post-4516","page","type-page","status-publish","hentry"],"yoast_head":"<!-- This site is optimized with the Yoast SEO plugin v25.8 - https:\/\/yoast.com\/wordpress\/plugins\/seo\/ -->\n<title>Aviso legal - Grupo Maestro<\/title>\n<meta name=\"robots\" content=\"noindex, follow, max-snippet:-1, max-image-preview:large, max-video-preview:-1\" \/>\n<meta property=\"og:locale\" content=\"es_ES\" \/>\n<meta property=\"og:type\" content=\"article\" \/>\n<meta property=\"og:title\" content=\"Aviso legal - Grupo Maestro\" \/>\n<meta property=\"og:description\" content=\"Introducci\u00f3n En cumplimiento de la Ley 34\/2002, de 11 de julio, de Servicios de la Sociedad de la Informaci\u00f3n y [&hellip;]\" \/>\n<meta property=\"og:url\" content=\"https:\/\/ingenia-aragon.es\/clientes\/maestro\/aviso-legal\/\" \/>\n<meta property=\"og:site_name\" content=\"Grupo Maestro\" \/>\n<meta property=\"article:modified_time\" content=\"2025-05-29T14:50:28+00:00\" \/>\n<meta name=\"twitter:card\" content=\"summary_large_image\" \/>\n<meta name=\"twitter:label1\" content=\"Tiempo de lectura\" \/>\n\t<meta name=\"twitter:data1\" content=\"5 minutos\" \/>\n<script type=\"application\/ld+json\" class=\"yoast-schema-graph\">{\"@context\":\"https:\/\/schema.org\",\"@graph\":[{\"@type\":\"WebPage\",\"@id\":\"https:\/\/ingenia-aragon.es\/clientes\/maestro\/aviso-legal\/\",\"url\":\"https:\/\/ingenia-aragon.es\/clientes\/maestro\/aviso-legal\/\",\"name\":\"Aviso legal - Grupo Maestro\",\"isPartOf\":{\"@id\":\"https:\/\/ingenia-aragon.es\/clientes\/maestro\/#website\"},\"datePublished\":\"2022-11-15T15:33:29+00:00\",\"dateModified\":\"2025-05-29T14:50:28+00:00\",\"breadcrumb\":{\"@id\":\"https:\/\/ingenia-aragon.es\/clientes\/maestro\/aviso-legal\/#breadcrumb\"},\"inLanguage\":\"es\",\"potentialAction\":[{\"@type\":\"ReadAction\",\"target\":[\"https:\/\/ingenia-aragon.es\/clientes\/maestro\/aviso-legal\/\"]}]},{\"@type\":\"BreadcrumbList\",\"@id\":\"https:\/\/ingenia-aragon.es\/clientes\/maestro\/aviso-legal\/#breadcrumb\",\"itemListElement\":[{\"@type\":\"ListItem\",\"position\":1,\"name\":\"Portada\",\"item\":\"https:\/\/ingenia-aragon.es\/clientes\/maestro\/\"},{\"@type\":\"ListItem\",\"position\":2,\"name\":\"Aviso legal\"}]},{\"@type\":\"WebSite\",\"@id\":\"https:\/\/ingenia-aragon.es\/clientes\/maestro\/#website\",\"url\":\"https:\/\/ingenia-aragon.es\/clientes\/maestro\/\",\"name\":\"Grupo Maestro\",\"description\":\"\",\"publisher\":{\"@id\":\"https:\/\/ingenia-aragon.es\/clientes\/maestro\/#organization\"},\"potentialAction\":[{\"@type\":\"SearchAction\",\"target\":{\"@type\":\"EntryPoint\",\"urlTemplate\":\"https:\/\/ingenia-aragon.es\/clientes\/maestro\/?s={search_term_string}\"},\"query-input\":{\"@type\":\"PropertyValueSpecification\",\"valueRequired\":true,\"valueName\":\"search_term_string\"}}],\"inLanguage\":\"es\"},{\"@type\":\"Organization\",\"@id\":\"https:\/\/ingenia-aragon.es\/clientes\/maestro\/#organization\",\"name\":\"Grupo Maestro\",\"url\":\"https:\/\/ingenia-aragon.es\/clientes\/maestro\/\",\"logo\":{\"@type\":\"ImageObject\",\"inLanguage\":\"es\",\"@id\":\"https:\/\/ingenia-aragon.es\/clientes\/maestro\/#\/schema\/logo\/image\/\",\"url\":\"https:\/\/ingenia-aragon.es\/clientes\/maestro\/wp-content\/uploads\/2025\/05\/logo-maestro.png\",\"contentUrl\":\"https:\/\/ingenia-aragon.es\/clientes\/maestro\/wp-content\/uploads\/2025\/05\/logo-maestro.png\",\"width\":255,\"height\":101,\"caption\":\"Grupo Maestro\"},\"image\":{\"@id\":\"https:\/\/ingenia-aragon.es\/clientes\/maestro\/#\/schema\/logo\/image\/\"}}]}<\/script>\n<!-- \/ Yoast SEO plugin. -->","yoast_head_json":{"title":"Aviso legal - Grupo Maestro","robots":{"index":"noindex","follow":"follow","max-snippet":"max-snippet:-1","max-image-preview":"max-image-preview:large","max-video-preview":"max-video-preview:-1"},"og_locale":"es_ES","og_type":"article","og_title":"Aviso legal - Grupo Maestro","og_description":"Introducci\u00f3n En cumplimiento de la Ley 34\/2002, de 11 de julio, de Servicios de la Sociedad de la Informaci\u00f3n y [&hellip;]","og_url":"https:\/\/ingenia-aragon.es\/clientes\/maestro\/aviso-legal\/","og_site_name":"Grupo Maestro","article_modified_time":"2025-05-29T14:50:28+00:00","twitter_card":"summary_large_image","twitter_misc":{"Tiempo de lectura":"5 minutos"},"schema":{"@context":"https:\/\/schema.org","@graph":[{"@type":"WebPage","@id":"https:\/\/ingenia-aragon.es\/clientes\/maestro\/aviso-legal\/","url":"https:\/\/ingenia-aragon.es\/clientes\/maestro\/aviso-legal\/","name":"Aviso legal - Grupo Maestro","isPartOf":{"@id":"https:\/\/ingenia-aragon.es\/clientes\/maestro\/#website"},"datePublished":"2022-11-15T15:33:29+00:00","dateModified":"2025-05-29T14:50:28+00:00","breadcrumb":{"@id":"https:\/\/ingenia-aragon.es\/clientes\/maestro\/aviso-legal\/#breadcrumb"},"inLanguage":"es","potentialAction":[{"@type":"ReadAction","target":["https:\/\/ingenia-aragon.es\/clientes\/maestro\/aviso-legal\/"]}]},{"@type":"BreadcrumbList","@id":"https:\/\/ingenia-aragon.es\/clientes\/maestro\/aviso-legal\/#breadcrumb","itemListElement":[{"@type":"ListItem","position":1,"name":"Portada","item":"https:\/\/ingenia-aragon.es\/clientes\/maestro\/"},{"@type":"ListItem","position":2,"name":"Aviso legal"}]},{"@type":"WebSite","@id":"https:\/\/ingenia-aragon.es\/clientes\/maestro\/#website","url":"https:\/\/ingenia-aragon.es\/clientes\/maestro\/","name":"Grupo Maestro","description":"","publisher":{"@id":"https:\/\/ingenia-aragon.es\/clientes\/maestro\/#organization"},"potentialAction":[{"@type":"SearchAction","target":{"@type":"EntryPoint","urlTemplate":"https:\/\/ingenia-aragon.es\/clientes\/maestro\/?s={search_term_string}"},"query-input":{"@type":"PropertyValueSpecification","valueRequired":true,"valueName":"search_term_string"}}],"inLanguage":"es"},{"@type":"Organization","@id":"https:\/\/ingenia-aragon.es\/clientes\/maestro\/#organization","name":"Grupo Maestro","url":"https:\/\/ingenia-aragon.es\/clientes\/maestro\/","logo":{"@type":"ImageObject","inLanguage":"es","@id":"https:\/\/ingenia-aragon.es\/clientes\/maestro\/#\/schema\/logo\/image\/","url":"https:\/\/ingenia-aragon.es\/clientes\/maestro\/wp-content\/uploads\/2025\/05\/logo-maestro.png","contentUrl":"https:\/\/ingenia-aragon.es\/clientes\/maestro\/wp-content\/uploads\/2025\/05\/logo-maestro.png","width":255,"height":101,"caption":"Grupo Maestro"},"image":{"@id":"https:\/\/ingenia-aragon.es\/clientes\/maestro\/#\/schema\/logo\/image\/"}}]}},"_links":{"self":[{"href":"https:\/\/ingenia-aragon.es\/clientes\/maestro\/wp-json\/wp\/v2\/pages\/4516","targetHints":{"allow":["GET"]}}],"collection":[{"href":"https:\/\/ingenia-aragon.es\/clientes\/maestro\/wp-json\/wp\/v2\/pages"}],"about":[{"href":"https:\/\/ingenia-aragon.es\/clientes\/maestro\/wp-json\/wp\/v2\/types\/page"}],"author":[{"embeddable":true,"href":"https:\/\/ingenia-aragon.es\/clientes\/maestro\/wp-json\/wp\/v2\/users\/1"}],"replies":[{"embeddable":true,"href":"https:\/\/ingenia-aragon.es\/clientes\/maestro\/wp-json\/wp\/v2\/comments?post=4516"}],"version-history":[{"count":6,"href":"https:\/\/ingenia-aragon.es\/clientes\/maestro\/wp-json\/wp\/v2\/pages\/4516\/revisions"}],"predecessor-version":[{"id":7767,"href":"https:\/\/ingenia-aragon.es\/clientes\/maestro\/wp-json\/wp\/v2\/pages\/4516\/revisions\/7767"}],"wp:attachment":[{"href":"https:\/\/ingenia-aragon.es\/clientes\/maestro\/wp-json\/wp\/v2\/media?parent=4516"}],"curies":[{"name":"wp","href":"https:\/\/api.w.org\/{rel}","templated":true}]}}